{"id":734,"date":"2011-07-04T15:46:21","date_gmt":"2011-07-04T14:46:21","guid":{"rendered":"http:\/\/www.poliklinika-nedic.hr\/pn\/?page_id=734"},"modified":"2016-04-07T14:58:47","modified_gmt":"2016-04-07T13:58:47","slug":"cesto-postavljana-pitanja","status":"publish","type":"page","link":"https:\/\/www.poliklinika-nedic.hr\/pn\/cesto-postavljana-pitanja\/","title":{"rendered":"\u010cesto postavljana pitanja"},"content":{"rendered":"<p><strong>Mogu li se\u00a0obaviti pregledi i pretrage na uputnicu HZZO?<br \/>\n<\/strong>Internisti\u010dka ordinacija Poliklnike ima ugovor s HZZO-om za: internisti\u010dko- kardiolo\u0161ke\u00a0preglede, te EKG-e, ergometriju, Holter EKG-e, KMAT, ehokardiogram s doplerom i uzv trbuha.<\/p>\n<p><strong>Koliko se \u010deka na navedene pretrage?<br \/>\n<\/strong>Broj mogu\u0107ih pretraga ograni\u010den je ugovorom\u00a0\u00a0izme\u0111u HZZO-a i Poliklinike.\u00a0To ograni\u010denje je poznato kao\u00a0limit. Kako bi pacijenti zbog navedenog ograni\u010denja za\u0161titili svoja prava formiraju se liste \u010dekanja. Popunjenost liste dostupna je i na ovim stranicama.<\/p>\n<p><strong>Da li kartica dopunskog osiguranja daje mi neka dodatna prava?<br \/>\n<\/strong>Ne. Posjedovanje kartice zna\u010di osloba\u0111anje od pla\u0107anja participacije.<\/p>\n<p><strong>Ukoliko nemam dopunsko osiguranje, koliki\u00a0\u00a0je iznos participacije?<br \/>\n<\/strong>20% od cijene HZZO-ove cijene\u00a0usluge.<\/p>\n<p><strong>Da li se pregled mo\u017ee napraviti privatno?<\/strong><br \/>\nSve usluge se mogu napraviti i privatno, s time \u0161to se na privatni pregled \u010deka 1-3 dana. Isto vrijedi i za vlasnike kartica drugih osiguravatenja: Croatia osigurane, Grawe i Basler osiguranje Zagreb.<\/p>\n<p><strong>Da li u pla\u0107anjima privatnih usluga ili participacije ima elemenata korupcije?<\/strong><br \/>\nNe. Sva mogu\u0107a pla\u0107anja su utemeljena na zakonu i za sve usluge se dobije vjerodostojan ra\u010dun.<\/p>\n","protected":false},"excerpt":{"rendered":"<p>Mogu li se\u00a0obaviti pregledi i pretrage na uputnicu HZZO? Internisti\u010dka ordinacija Poliklnike ima ugovor s HZZO-om za: internisti\u010dko- kardiolo\u0161ke\u00a0preglede, te EKG-e, ergometriju, Holter EKG-e, KMAT, ehokardiogram s doplerom i uzv trbuha. Koliko se \u010deka na navedene pretrage? Broj mogu\u0107ih pretraga ograni\u010den je ugovorom\u00a0\u00a0izme\u0111u HZZO-a i Poliklinike.\u00a0To ograni\u010denje je poznato kao\u00a0limit. Kako bi pacijenti zbog navedenog<\/p>\n","protected":false},"author":4,"featured_media":1137,"parent":0,"menu_order":0,"comment_status":"closed","ping_status":"open","template":"","meta":{"_acf_changed":false,"footnotes":""},"acf":[],"_links":{"self":[{"href":"https:\/\/www.poliklinika-nedic.hr\/pn\/wp-json\/wp\/v2\/pages\/734"}],"collection":[{"href":"https:\/\/www.poliklinika-nedic.hr\/pn\/wp-json\/wp\/v2\/pages"}],"about":[{"href":"https:\/\/www.poliklinika-nedic.hr\/pn\/wp-json\/wp\/v2\/types\/page"}],"author":[{"embeddable":true,"href":"https:\/\/www.poliklinika-nedic.hr\/pn\/wp-json\/wp\/v2\/users\/4"}],"replies":[{"embeddable":true,"href":"https:\/\/www.poliklinika-nedic.hr\/pn\/wp-json\/wp\/v2\/comments?post=734"}],"version-history":[{"count":0,"href":"https:\/\/www.poliklinika-nedic.hr\/pn\/wp-json\/wp\/v2\/pages\/734\/revisions"}],"wp:featuredmedia":[{"embeddable":true,"href":"https:\/\/www.poliklinika-nedic.hr\/pn\/wp-json\/wp\/v2\/media\/1137"}],"wp:attachment":[{"href":"https:\/\/www.poliklinika-nedic.hr\/pn\/wp-json\/wp\/v2\/media?parent=734"}],"curies":[{"name":"wp","href":"https:\/\/api.w.org\/{rel}","templated":true}]}}