{"id":6580,"date":"2023-04-03T14:53:47","date_gmt":"2023-04-03T13:53:47","guid":{"rendered":"https:\/\/www.poliklinika-nedic.hr\/pn\/?page_id=6580"},"modified":"2023-04-03T15:03:04","modified_gmt":"2023-04-03T14:03:04","slug":"kardiologija-uz-kavu","status":"publish","type":"page","link":"https:\/\/www.poliklinika-nedic.hr\/pn\/kardiologija-uz-kavu\/","title":{"rendered":"Kardiologija uz kavu"},"content":{"rendered":"<p><a href=\"https:\/\/zdravobudi.com\/proizvod\/kardiologija-uz-kavu-petar-nedic\/\"><img loading=\"lazy\" decoding=\"async\" class=\"alignright wp-image-6582 size-medium\" src=\"https:\/\/www.poliklinika-nedic.hr\/pn\/wp-content\/uploads\/2023\/04\/2-768x1024-1-225x300.jpg\" alt=\"\" width=\"225\" height=\"300\" srcset=\"https:\/\/www.poliklinika-nedic.hr\/pn\/wp-content\/uploads\/2023\/04\/2-768x1024-1-225x300.jpg 225w, https:\/\/www.poliklinika-nedic.hr\/pn\/wp-content\/uploads\/2023\/04\/2-768x1024-1-710x947.jpg 710w, https:\/\/www.poliklinika-nedic.hr\/pn\/wp-content\/uploads\/2023\/04\/2-768x1024-1.jpg 768w\" sizes=\"(max-width: 225px) 100vw, 225px\" \/><\/a><a href=\"https:\/\/zdravobudi.com\/proizvod\/kardiologija-uz-kavu-petar-nedic\/\">Kardiologija uz kavu<\/a> je \u0161aroliki mozaik proznih i poetskih kratkih uradaka, zapravo pitkih pri\u010da, tematski povezanih u nekoliko bitnih poglavlja ljudskog \u017eivota. Obra\u0111uje \u017eivot i \u010dovjeka kroz slu\u010dajnost (izbor), sre\u0107u, srce, jurnjavu i stres (paniku). S obzirom da je potka mnogih pri\u010da autorovo zanimanje (kardiolog), on ih maksimalno pojednostavljuje i pribli\u017eava svakom \u010ditatelju. Srce ne do\u017eivljava samo kao fizi\u010dki organ, nego i kao duhovni, emocionalni i socijalni dom svakog \u010dovjeka i po njemu mjeri ljudsku vrijednost. Nije bje\u017eao niti od autobiografskih elemenata u knjizi, ako je smatrao da \u0107e time mogu\u0107e poja\u010dati njihovu vjerodostojnost.<\/p>\n<p>Upravo zbog tog pojednostavljenja ozbiljnih osobnih i dru\u0161tvenih tema, knjigu je najbolje \u010ditati le\u017eerno, uz kavu, kao \u0161to i sam naslov sugerira. Osjetit \u0107ete pri tome razli\u010ditu dubinu, vibracije, ritam i okus- jednako, kao pri pijenju va\u0161eg omiljenog napitka. Poslije stotinu popijenih, i pro\u010ditanih isto toliko pri\u010da, imat \u0107ete njene dobrobiti. Barem onu da se bolje u\u010diti na tu\u0111im, nego na osobnim gre\u0161kama.<\/p>\n<p>Skriveni junaci i inspiratori u knjizi su ljudi dana\u0161njice, obi\u010dno oja\u0111eni ili osna\u017eeni- zdravstveno, duhovno, dru\u0161tveno i emocionalno. U potrazi su za potpunijim i smislenijim \u017eivotom i budu\u0107no\u0161\u0107u i ne poznaju borbu za bolju pro\u0161lost.<\/p>\n<p>Na koncu, u knjizi \u0107ete prona\u0107i i segmente iz svojega \u017eivota. Mnoge, koji puta i cijeli \u017eivot.<\/p>\n<p>Po tome, knjiga je to o tebi i za tebe, po\u0161tovani \u010ditatelju.<\/p>\n<p>Zato sam siguran da \u0107e\u0161 ju sa zadovoljstvom i\u0161\u010ditati.<\/p>\n<p>Naru\u010dite va\u0161 primjerak ve\u0107 danas &#8211; <a href=\"https:\/\/zdravobudi.com\/proizvod\/kardiologija-uz-kavu-petar-nedic\/\">ovdje<\/a>.<\/p>\n<p>U\u017eivaj!<\/p>\n","protected":false},"excerpt":{"rendered":"<p>Kardiologija uz kavu je \u0161aroliki mozaik proznih i poetskih kratkih uradaka, zapravo pitkih pri\u010da, tematski povezanih u nekoliko bitnih poglavlja ljudskog \u017eivota. Obra\u0111uje \u017eivot i \u010dovjeka kroz slu\u010dajnost (izbor), sre\u0107u, srce, jurnjavu i stres (paniku). S obzirom da je potka mnogih pri\u010da autorovo zanimanje (kardiolog), on ih maksimalno pojednostavljuje i pribli\u017eava svakom \u010ditatelju. Srce ne<\/p>\n","protected":false},"author":4,"featured_media":0,"parent":0,"menu_order":0,"comment_status":"closed","ping_status":"closed","template":"","meta":{"_acf_changed":false,"footnotes":""},"acf":[],"_links":{"self":[{"href":"https:\/\/www.poliklinika-nedic.hr\/pn\/wp-json\/wp\/v2\/pages\/6580"}],"collection":[{"href":"https:\/\/www.poliklinika-nedic.hr\/pn\/wp-json\/wp\/v2\/pages"}],"about":[{"href":"https:\/\/www.poliklinika-nedic.hr\/pn\/wp-json\/wp\/v2\/types\/page"}],"author":[{"embeddable":true,"href":"https:\/\/www.poliklinika-nedic.hr\/pn\/wp-json\/wp\/v2\/users\/4"}],"replies":[{"embeddable":true,"href":"https:\/\/www.poliklinika-nedic.hr\/pn\/wp-json\/wp\/v2\/comments?post=6580"}],"version-history":[{"count":0,"href":"https:\/\/www.poliklinika-nedic.hr\/pn\/wp-json\/wp\/v2\/pages\/6580\/revisions"}],"wp:attachment":[{"href":"https:\/\/www.poliklinika-nedic.hr\/pn\/wp-json\/wp\/v2\/media?parent=6580"}],"curies":[{"name":"wp","href":"https:\/\/api.w.org\/{rel}","templated":true}]}}