{"id":6573,"date":"2023-01-02T11:58:06","date_gmt":"2023-01-02T10:58:06","guid":{"rendered":"https:\/\/www.poliklinika-nedic.hr\/pn\/?page_id=6573"},"modified":"2023-01-23T09:05:13","modified_gmt":"2023-01-23T08:05:13","slug":"djelatnosti","status":"publish","type":"page","link":"https:\/\/www.poliklinika-nedic.hr\/pn\/djelatnosti\/","title":{"rendered":"Djelatnosti"},"content":{"rendered":"<h3>Kardiologija<\/h3>\n<ul>\n<li>Dr. med. Petar Nedi\u0107 spec. interne medicine i kardiologije<\/li>\n<li>Dr. med. Ana Zasimenko, subspecijalist kardiologije<\/li>\n<li>Dr. med. Mislav Nedi\u0107, subspecijalist kardiologije<\/li>\n<li>Dr. med. Matej Nedi\u0107, specijalizant kardiologije<\/li>\n<\/ul>\n<p>&nbsp;<\/p>\n<h3>Dermatologija<\/h3>\n<ul>\n<li>Dr. med. Marija \u0160ola, spec.dermatovenerologije<\/li>\n<\/ul>\n<p>&nbsp;<\/p>\n<h3>Urologija<\/h3>\n<ul>\n<li>Dr. med. Ivan \u0106osi\u0107, spec.urologije i susbspec.andrologije<\/li>\n<\/ul>\n<\/li>\n<\/ul>\n<p>&nbsp;<\/p>\n<h3>Endokrinologija \/ dijabetologija<\/h3>\n<ul>\n<li>Dr. med. Anica Rado\u0161-Kaji\u0107, spec. interne medicine, endokrinologije i dijabetologije<\/li>\n<\/ul>\n<p>&nbsp;<\/p>\n<h3>Nuklearna medicina\/ ambulanta za bolesti \u0161titnja\u010de<\/h3>\n<ul>\n<li>mr. sc. Nedjeljko Topuzovi\u0107, primarijus, spec. nuklearne medicine<\/li>\n<\/ul>\n<p>&nbsp;<\/p>\n<h3>Medicina rada i sporta<\/h3>\n<ul>\n<li>Dr. med. Sonja Mendro\u0161, specijalistica medicine rada i sporta<\/li>\n<li>Marija Grundler, psiholog<\/li>\n<\/ul>\n<p>&nbsp;<\/p>\n<h3>Neurologija<\/h3>\n<ul>\n<li>Ambulanta trenutno NE radi<\/li>\n<\/ul>\n","protected":false},"excerpt":{"rendered":"<p>Kardiologija Dr. med. Petar Nedi\u0107 spec. interne medicine i kardiologije Dr. med. Ana Zasimenko, subspecijalist kardiologije Dr. med. Mislav Nedi\u0107, subspecijalist kardiologije Dr. med. Matej Nedi\u0107, specijalizant kardiologije &nbsp; Dermatologija Dr. med. Marija \u0160ola, spec.dermatovenerologije &nbsp; Urologija Dr. med. Ivan \u0106osi\u0107, spec.urologije i susbspec.andrologije &nbsp; Endokrinologija \/ dijabetologija Dr. med. Anica Rado\u0161-Kaji\u0107, spec. interne medicine,<\/p>\n","protected":false},"author":4,"featured_media":0,"parent":0,"menu_order":0,"comment_status":"closed","ping_status":"closed","template":"","meta":{"_acf_changed":false,"footnotes":""},"acf":[],"_links":{"self":[{"href":"https:\/\/www.poliklinika-nedic.hr\/pn\/wp-json\/wp\/v2\/pages\/6573"}],"collection":[{"href":"https:\/\/www.poliklinika-nedic.hr\/pn\/wp-json\/wp\/v2\/pages"}],"about":[{"href":"https:\/\/www.poliklinika-nedic.hr\/pn\/wp-json\/wp\/v2\/types\/page"}],"author":[{"embeddable":true,"href":"https:\/\/www.poliklinika-nedic.hr\/pn\/wp-json\/wp\/v2\/users\/4"}],"replies":[{"embeddable":true,"href":"https:\/\/www.poliklinika-nedic.hr\/pn\/wp-json\/wp\/v2\/comments?post=6573"}],"version-history":[{"count":0,"href":"https:\/\/www.poliklinika-nedic.hr\/pn\/wp-json\/wp\/v2\/pages\/6573\/revisions"}],"wp:attachment":[{"href":"https:\/\/www.poliklinika-nedic.hr\/pn\/wp-json\/wp\/v2\/media?parent=6573"}],"curies":[{"name":"wp","href":"https:\/\/api.w.org\/{rel}","templated":true}]}}