{"id":6556,"date":"2022-09-13T08:57:03","date_gmt":"2022-09-13T07:57:03","guid":{"rendered":"https:\/\/www.poliklinika-nedic.hr\/pn\/?page_id=6556"},"modified":"2025-03-26T13:23:12","modified_gmt":"2025-03-26T12:23:12","slug":"cjenik-usluga","status":"publish","type":"page","link":"https:\/\/www.poliklinika-nedic.hr\/pn\/cjenik-usluga\/","title":{"rendered":"Cjenik usluga"},"content":{"rendered":"<table style=\"height: 408px; width: 100%;\">\n<tbody>\n<tr style=\"height: 24px;\">\n<td style=\"width: 5.25641%; height: 24px;\" width=\"46\"><\/td>\n<td style=\"width: 74.8718%; height: 24px;\" width=\"702\"><span style=\"font-size: 12pt;\">Opis postupka\/usluge<\/span><\/td>\n<td style=\"width: 19.7436%; height: 24px;\" width=\"181\"><span style=\"font-size: 12pt;\">Cijena (\u20ac)<\/span><\/td>\n<\/tr>\n<tr style=\"height: 96px;\">\n<td style=\"width: 5.25641%; height: 96px;\" width=\"46\"><\/td>\n<td style=\"width: 74.8718%; height: 96px;\" width=\"702\"><strong>\u00a0<\/strong><\/p>\n<p style=\"text-align: center;\"><span style=\"font-size: 12pt;\"><strong>Interna medicina\/ kardiologija<\/strong><\/span><\/p>\n<\/td>\n<td style=\"width: 19.7436%; height: 96px;\" width=\"181\"><\/td>\n<\/tr>\n<tr style=\"height: 24px;\">\n<td style=\"width: 5.25641%; height: 24px;\" width=\"46\">1.<\/td>\n<td style=\"width: 74.8718%; height: 24px;\" width=\"702\">Specijalisti\u010dki internisti\u010dki pregled<\/td>\n<td style=\"width: 19.7436%; height: 24px;\" width=\"181\">60,00 \u20ac<\/td>\n<\/tr>\n<tr style=\"height: 24px;\">\n<td style=\"width: 5.25641%; height: 24px;\" width=\"46\">2.<\/td>\n<td style=\"width: 74.8718%; height: 24px;\" width=\"702\">Kontrolni specijalisti\u010dki pregled<\/td>\n<td style=\"width: 19.7436%; height: 24px;\" width=\"181\">55,00 \u20ac<\/td>\n<\/tr>\n<tr style=\"height: 24px;\">\n<td style=\"width: 5.25641%; height: 24px;\" width=\"46\">3.<\/td>\n<td style=\"width: 74.8718%; height: 24px;\" width=\"702\">Subspecijalisti\u010dki kardiolo\u0161ki pregled<\/td>\n<td style=\"width: 19.7436%; height: 24px;\" width=\"181\">70,00 \u20ac<\/td>\n<\/tr>\n<tr style=\"height: 24px;\">\n<td style=\"width: 5.25641%; height: 24px;\" width=\"46\">4.<\/td>\n<td style=\"width: 74.8718%; height: 24px;\" width=\"702\">Kontrolni subspecijalisti\u010dki pregled<\/td>\n<td style=\"width: 19.7436%; height: 24px;\" width=\"181\">65,00 \u20ac<\/td>\n<\/tr>\n<tr style=\"height: 24px;\">\n<td style=\"width: 5.25641%; height: 24px;\" width=\"46\">5.<\/td>\n<td style=\"width: 74.8718%; height: 24px;\" width=\"702\">Konzultacija<\/td>\n<td style=\"width: 19.7436%; height: 24px;\" width=\"181\">45,00 \u20ac<\/td>\n<\/tr>\n<tr style=\"height: 24px;\">\n<td style=\"width: 5.25641%; height: 24px;\" width=\"46\">6.<\/td>\n<td style=\"width: 74.8718%; height: 24px;\" width=\"702\">EKG s o\u010ditanjem<\/td>\n<td style=\"width: 19.7436%; height: 24px;\" width=\"181\">30,00 \u20ac<\/td>\n<\/tr>\n<tr style=\"height: 24px;\">\n<td style=\"width: 5.25641%; height: 24px;\" width=\"46\">7.<\/td>\n<td style=\"width: 74.8718%; height: 24px;\" width=\"702\">Ergometrija<\/td>\n<td style=\"width: 19.7436%; height: 24px;\" width=\"181\">75,00 \u20ac<\/td>\n<\/tr>\n<tr style=\"height: 24px;\">\n<td style=\"width: 5.25641%; height: 24px;\" width=\"46\">8.<\/td>\n<td style=\"width: 74.8718%; height: 24px;\" width=\"702\">Holter elektrokardiogram<\/td>\n<td style=\"width: 19.7436%; height: 24px;\" width=\"181\">70,00 \u20ac<\/td>\n<\/tr>\n<tr style=\"height: 24px;\">\n<td style=\"width: 5.25641%; height: 24px;\" width=\"46\">9.<\/td>\n<td style=\"width: 74.8718%; height: 24px;\" width=\"702\">Kontinuirano mjerenje arterijskog tlaka (KMAT)<\/td>\n<td style=\"width: 19.7436%; height: 24px;\" width=\"181\">70,00 \u20ac<\/td>\n<\/tr>\n<tr style=\"height: 24px;\">\n<td style=\"width: 5.25641%; height: 24px;\" width=\"46\">10.<\/td>\n<td style=\"width: 74.8718%; height: 24px;\" width=\"702\">Ehokardiogram (ultrazvuk srca)<\/td>\n<td style=\"width: 19.7436%; height: 24px;\" width=\"181\">80,00 \u20ac<\/td>\n<\/tr>\n<tr style=\"height: 24px;\">\n<td style=\"width: 5.25641%; height: 24px;\" width=\"46\">11.<\/td>\n<td style=\"width: 74.8718%; height: 24px;\" width=\"702\">Spirometrija<\/td>\n<td style=\"width: 19.7436%; height: 24px;\" width=\"181\">30,00 \u20ac<\/td>\n<\/tr>\n<tr style=\"height: 24px;\">\n<td style=\"width: 5.25641%; height: 24px;\">12.<\/td>\n<td style=\"width: 74.8718%; height: 24px;\">ABI<\/td>\n<td style=\"width: 19.7436%; height: 24px;\">30,00 \u20ac<\/td>\n<\/tr>\n<tr style=\"height: 80px;\">\n<td style=\"height: 80px;\" width=\"46\"><\/td>\n<td style=\"height: 80px;\" width=\"702\"><strong>\u00a0<\/strong><\/p>\n<p style=\"text-align: center;\"><span style=\"font-size: 12pt;\"><strong>Promotivni kardiolo\u0161ki paketi<\/strong><\/span><\/p>\n<\/td>\n<td style=\"height: 80px;\" width=\"181\"><\/td>\n<\/tr>\n<tr style=\"height: 20px;\">\n<td style=\"height: 20px;\" width=\"46\">1.<\/td>\n<td style=\"height: 20px;\" width=\"702\"><strong>Paket kompletni kardiolo\u0161ki<\/strong>: kardiolo\u0161ki pregled, EKG, ehokardiogram<\/td>\n<td style=\"height: 20px;\" width=\"181\">150,00 \u20ac<\/td>\n<\/tr>\n<tr style=\"height: 20px;\">\n<td style=\"height: 20px;\" width=\"46\">2.<\/td>\n<td style=\"height: 20px;\" width=\"702\"><strong>Paket hipertenzija<\/strong>: kardiolo\u0161ki pregled, EKG, ehokardiogram, KMAT<\/td>\n<td style=\"height: 20px;\" width=\"181\">170,00 \u20ac<\/td>\n<\/tr>\n<tr style=\"height: 20px;\">\n<td style=\"height: 20px;\" width=\"46\">3.<\/td>\n<td style=\"height: 20px;\" width=\"702\"><strong>Paket aritmija<\/strong>: kardiolo\u0161ki pregled, EKG, ehokardiogram, Holter EKG-e<\/td>\n<td style=\"height: 20px;\" width=\"181\">170,00 \u20ac<\/td>\n<\/tr>\n<tr style=\"height: 20px;\">\n<td style=\"height: 20px;\" width=\"46\">4.<\/td>\n<td style=\"height: 20px;\" width=\"702\"><strong>Paket angina pectoris<\/strong>: kardiolo\u0161ki pregled, EKG, ehokardiogram, ergometrija<\/td>\n<td style=\"height: 20px;\" width=\"181\">170,00 \u20ac<\/td>\n<\/tr>\n<tr style=\"height: 24px;\">\n<td style=\"height: 24px;\">5.<\/td>\n<td style=\"height: 24px;\"><strong>Paket vaskularni: <\/strong>kardiolo\u0161ki pregled, EKG, ABI, dopler arterija i vena nogu<\/td>\n<td style=\"height: 24px;\">170,00 \u20ac<\/td>\n<\/tr>\n<tr style=\"height: 24px;\">\n<td style=\"height: 24px;\">6.<\/td>\n<td style=\"height: 24px;\"><strong>Paket sportski: <\/strong>kardiolo\u0161ki pregled, EKG, spirometrija, ehokardiogram, ergometrija<\/td>\n<td style=\"height: 24px;\">200,00 \u20ac<\/td>\n<\/tr>\n<tr style=\"height: 24px;\">\n<td style=\"height: 24px;\">7.<\/td>\n<td style=\"height: 24px;\"><strong>Paket zatajenje srca: <\/strong>kardiolo\u0161ki pregled, EKG, ehokardiogram, NT-pro-BNP<\/td>\n<td style=\"height: 24px;\">170,00 \u20ac<\/td>\n<\/tr>\n<tr style=\"height: 280px;\">\n<td style=\"height: 280px;\" width=\"46\">8.<\/td>\n<td style=\"height: 280px;\" width=\"702\"><b>Sistematski pregled:\u00a0<\/b><\/p>\n<p>1. Internisti\u010dki\/kardiolo\u0161ki pregled i mi\u0161ljenje, procjena kardiovaskularnog rizika<br \/>\n2. EKG s o\u010ditanjem<br \/>\n3. Spirometrija<br \/>\n4. Ultrazvuk abdomena: jetra, \u017eu\u010dnjak, gu\u0161tera\u010da, limfni \u010dvorovi, slezena, bubrezi, urogenitalni trakt<br \/>\n5.Ultrazvuk dojki (za \u017eene)<br \/>\n6. Ultrazvuk \u0161titnja\u010de ili dopler karotida (CDFI arterija vrata)<br \/>\n7. Laboratorijska dijagnostika (SE, KKS, trigliceridi, kolesterol, LDLC, AST, ALT, GGT, mokra\u0107na kiselina, bilirubin, Fe, urin)<br \/>\n8. TSH (procjena funkcije \u0161titnja\u010de)<br \/>\n9. PSA (prostata specifi\u010dni antigen), za mu\u0161karce<br \/>\n10. Vitamin D ili homocistein za \u017eene<\/td>\n<td style=\"height: 280px;\" width=\"181\">200,00 \u20ac<\/td>\n<\/tr>\n<tr style=\"height: 80px;\">\n<td style=\"height: 80px;\" width=\"46\"><\/td>\n<td style=\"height: 80px;\" width=\"702\"><strong>\u00a0<\/strong><\/p>\n<p style=\"text-align: center;\"><span style=\"font-size: 12pt;\"><strong>Ultrazvu\u010dna i kolor dopler (CD) dijagnostika<\/strong><\/span><\/p>\n<\/td>\n<td style=\"height: 80px;\" width=\"181\"><\/td>\n<\/tr>\n<tr style=\"height: 20px;\">\n<td style=\"height: 20px;\" width=\"46\">1.<\/td>\n<td style=\"height: 20px;\" width=\"702\">Ultrazvuk cijelog abdomena70<\/td>\n<td style=\"height: 20px;\" width=\"181\">70,00 \u20ac<\/td>\n<\/tr>\n<tr style=\"height: 20px;\">\n<td style=\"height: 20px;\" width=\"46\">2.<\/td>\n<td style=\"height: 20px;\" width=\"702\">Ultrazvuk \u0161titnja\u010de s kolor doplerom<\/td>\n<td style=\"height: 20px;\" width=\"181\">60,00 \u20ac<\/td>\n<\/tr>\n<tr style=\"height: 20px;\">\n<td style=\"height: 20px;\" width=\"46\">3.<\/td>\n<td style=\"height: 20px;\" width=\"702\">Ultrazvuk vrata i struktura (limfni \u010dvorovi, slinovnice\u2026)<\/td>\n<td style=\"height: 20px;\" width=\"181\">70,00 \u20ac<\/td>\n<\/tr>\n<tr style=\"height: 20px;\">\n<td style=\"height: 20px;\" width=\"46\">4.<\/td>\n<td style=\"height: 20px;\" width=\"702\">Ultrazvuk dojki s kolor doplerom<\/td>\n<td style=\"height: 20px;\" width=\"181\">60,00 \u20ac<\/td>\n<\/tr>\n<tr style=\"height: 20px;\">\n<td style=\"height: 20px;\" width=\"46\">5.<\/td>\n<td style=\"height: 20px;\" width=\"702\">Ultrazvuk i CD karotidnih i vertebralnih arterija<\/td>\n<td style=\"height: 20px;\" width=\"181\">60,00 \u20ac<\/td>\n<\/tr>\n<tr style=\"height: 20px;\">\n<td style=\"height: 20px;\" width=\"46\">6.<\/td>\n<td style=\"height: 20px;\" width=\"702\">Ultrazvuk i CD arterija nogu<\/td>\n<td style=\"height: 20px;\" width=\"181\">70,00 \u20ac<\/td>\n<\/tr>\n<tr style=\"height: 20px;\">\n<td style=\"height: 20px;\" width=\"46\">7.<\/td>\n<td style=\"height: 20px;\" width=\"702\">Ultrazvuk i CD vena nogu<\/td>\n<td style=\"height: 20px;\" width=\"181\">70,00 \u20ac<\/td>\n<\/tr>\n<tr style=\"height: 40px;\">\n<td style=\"height: 40px;\" width=\"46\">8.<\/td>\n<td style=\"height: 40px;\" width=\"702\">Ultrazvuk i CD arterija i vena nogu<br \/>\nUltrazvuk i CD arterija i vena jedne noge<\/td>\n<td style=\"height: 40px;\" width=\"181\">90,00 \u20ac<br \/>\n60,00 \u20ac<\/td>\n<\/tr>\n<tr style=\"height: 20px;\">\n<td style=\"height: 20px;\" width=\"46\">9.<\/td>\n<td style=\"height: 20px;\" width=\"702\">Muskularni ultrazvuk<\/td>\n<td style=\"height: 20px;\" width=\"181\">50,00 \u20ac<\/td>\n<\/tr>\n<tr>\n<td>10.<\/td>\n<td>Ultrazvuk pazuha<\/td>\n<td>50,00 \u20ac<\/td>\n<\/tr>\n<tr style=\"height: 80px;\">\n<td style=\"height: 80px;\" width=\"46\"><\/td>\n<td style=\"height: 80px;\" width=\"702\"><strong>\u00a0<\/strong><\/p>\n<p style=\"text-align: center;\"><span style=\"font-size: 12pt;\"><strong>Ambulanta za bolesti \u0161titnja\u010de<\/strong><\/span><\/p>\n<\/td>\n<td style=\"height: 80px;\" width=\"181\"><\/td>\n<\/tr>\n<tr style=\"height: 20px;\">\n<td style=\"height: 20px;\" width=\"46\">1.<\/td>\n<td style=\"height: 20px;\" width=\"702\">Specijalisti\u010dki pregled specijaliste<\/td>\n<td style=\"height: 20px;\" width=\"181\">70,00 \u20ac<\/td>\n<\/tr>\n<tr style=\"height: 20px;\">\n<td style=\"height: 20px;\" width=\"46\">2.<\/td>\n<td style=\"height: 20px;\" width=\"702\">Kontrolni specijalisti\u010dki pregled<\/td>\n<td style=\"height: 20px;\" width=\"181\">60,00 \u20ac<\/td>\n<\/tr>\n<tr style=\"height: 20px;\">\n<td style=\"height: 20px;\" width=\"46\">3.<\/td>\n<td style=\"height: 20px;\" width=\"702\">Ultrazvu\u010dni pregled \u0161titnja\u010de s kolor doplerom<\/td>\n<td style=\"height: 20px;\" width=\"181\">70,00 \u20ac<\/td>\n<\/tr>\n<tr>\n<td>4.<\/td>\n<td>Specijalisti\u010dki pregled endokrinologa sa ultrazvukom \u0161titnja\u010de<\/td>\n<td>110,00 \u20ac<\/td>\n<\/tr>\n<tr style=\"height: 80px;\">\n<td style=\"height: 80px;\" width=\"46\"><\/td>\n<td style=\"height: 80px;\" width=\"702\"><strong>\u00a0<\/strong><\/p>\n<p style=\"text-align: center;\"><span style=\"font-size: 12pt;\"><strong>Ambulanta za dermatovenerologiju<\/strong><\/span><\/p>\n<\/td>\n<td style=\"height: 80px;\" width=\"181\"><\/td>\n<\/tr>\n<tr style=\"height: 20px;\">\n<td style=\"height: 20px;\" width=\"46\">1.<\/td>\n<td style=\"height: 20px;\" width=\"702\">Specijalisti\u010dki pregled<\/td>\n<td style=\"height: 20px;\" width=\"181\">70,00 \u20ac<\/td>\n<\/tr>\n<tr style=\"height: 20px;\">\n<td style=\"height: 20px;\" width=\"46\">2.<\/td>\n<td style=\"height: 20px;\" width=\"702\">Kontrolni specijalisti\u010dki pregled<\/td>\n<td style=\"height: 20px;\" width=\"181\">60,00 \u20ac<\/td>\n<\/tr>\n<tr style=\"height: 20px;\">\n<td style=\"height: 20px;\" width=\"46\">3.<\/td>\n<td style=\"height: 20px;\" width=\"702\">Dermatoskopija mala (do 5 made\u017ea), (uklju\u010den specijalisti\u010dki pregled)<\/td>\n<td style=\"height: 20px;\" width=\"181\">70,00 \u20ac<\/td>\n<\/tr>\n<tr style=\"height: 20px;\">\n<td style=\"height: 20px;\" width=\"46\">4.<\/td>\n<td style=\"height: 20px;\" width=\"702\">Dermatoskopija velika (vi\u0161e od 5 made\u017ea), (uklju\u010den specijalisti\u010dki pregled)<\/td>\n<td style=\"height: 20px;\" width=\"181\">100,00 \u20ac<\/td>\n<\/tr>\n<tr style=\"height: 20px;\">\n<td style=\"height: 20px;\" width=\"46\">5.<\/td>\n<td style=\"height: 20px;\" width=\"702\">Elektrokoagulacija teleangiektazija<\/td>\n<td style=\"height: 20px;\" width=\"181\">70,00 \u20ac &#8211; 100,00 \u20ac<\/td>\n<\/tr>\n<tr style=\"height: 20px;\">\n<td style=\"height: 20px;\" width=\"46\">6.<\/td>\n<td style=\"height: 20px;\" width=\"702\">Elektrokoagulacija mekih fibroma, mala<\/td>\n<td style=\"height: 20px;\" width=\"181\">70,00 \u20ac<\/td>\n<\/tr>\n<tr style=\"height: 20px;\">\n<td style=\"height: 20px;\" width=\"46\">7.<\/td>\n<td style=\"height: 20px;\" width=\"702\">Elektrokoagulacija mekih fibroma, velika<\/td>\n<td style=\"height: 20px;\" width=\"181\">100,00 \u20ac &#8211; 200,00 \u20ac<\/td>\n<\/tr>\n<tr style=\"height: 20px;\">\n<td style=\"height: 20px;\" width=\"46\">8.<\/td>\n<td style=\"height: 20px;\" width=\"702\">Ekskohleacija klavusa<\/td>\n<td style=\"height: 20px;\" width=\"181\">40,00 \u20ac<\/td>\n<\/tr>\n<tr style=\"height: 20px;\">\n<td style=\"height: 20px;\" width=\"46\">9.<\/td>\n<td style=\"height: 20px;\" width=\"702\">Krioterapija, do 5 mjesta<\/td>\n<td style=\"height: 20px;\" width=\"181\">20,00 \u20ac<\/td>\n<\/tr>\n<tr style=\"height: 20px;\">\n<td style=\"height: 20px;\" width=\"46\">10.<\/td>\n<td style=\"height: 20px;\" width=\"702\">Krioterapija, 5-10 mjesta<\/td>\n<td style=\"height: 20px;\" width=\"181\">30,00 \u20ac<\/td>\n<\/tr>\n<tr style=\"height: 20px;\">\n<td style=\"height: 20px;\" width=\"46\">11.<\/td>\n<td style=\"height: 20px;\" width=\"702\">Krioterapija vi\u0161e od 15 mjesta<\/td>\n<td style=\"height: 20px;\" width=\"181\">40,00 \u20ac<\/td>\n<\/tr>\n<tr style=\"height: 20px;\">\n<td style=\"height: 20px;\" width=\"46\">12.<\/td>\n<td style=\"height: 20px;\" width=\"702\">Previjanje uz primjenu hidrokoloidne obloge<\/td>\n<td style=\"height: 20px;\" width=\"181\">40,00 \u20ac &#8211; 80,00 \u20ac<\/td>\n<\/tr>\n<tr style=\"height: 20px;\">\n<td style=\"height: 20px;\" width=\"46\">13.<\/td>\n<td style=\"height: 20px;\" width=\"702\">Ekskohleacija moluski i kondiloma, 1-5 komada<\/td>\n<td style=\"height: 20px;\" width=\"181\">20,00 \u20ac<\/td>\n<\/tr>\n<tr style=\"height: 20px;\">\n<td style=\"height: 20px;\" width=\"46\">14.<\/td>\n<td style=\"height: 20px;\" width=\"702\">Ekskohleacija moluski i kondiloma, 5-15 komada<\/td>\n<td style=\"height: 20px;\" width=\"181\">30,00 \u20ac<\/td>\n<\/tr>\n<tr style=\"height: 20px;\">\n<td style=\"height: 20px;\" width=\"46\">15.<\/td>\n<td style=\"height: 20px;\" width=\"702\">Ekskohleacija moluski i kondiloma, vi\u0161e od 15 komada<\/td>\n<td style=\"height: 20px;\" width=\"181\">50,00 \u20ac<\/td>\n<\/tr>\n<tr style=\"height: 20px;\">\n<td style=\"height: 20px;\" width=\"46\">16.<\/td>\n<td style=\"height: 20px;\" width=\"702\">Aplikacija podofilina<\/td>\n<td style=\"height: 20px;\" width=\"181\">25,00 \u20ac<\/td>\n<\/tr>\n<tr style=\"height: 20px;\">\n<td style=\"height: 20px;\" width=\"46\">17.<\/td>\n<td style=\"height: 20px;\" width=\"702\">Krioterapija plus aplikacija podofilina,\u00a0 ovisno o broju lezija<\/td>\n<td style=\"height: 20px;\" width=\"181\">40,00 \u20ac &#8211; 60,00 \u20ac<\/td>\n<\/tr>\n<tr style=\"height: 20px;\">\n<td style=\"height: 20px;\" width=\"46\">18.<\/td>\n<td style=\"height: 20px;\" width=\"702\">Sklerozacija kapilara i venektazija, po tretmanu<\/td>\n<td style=\"height: 20px;\" width=\"181\">120,00 \u20ac po ampuli<\/td>\n<\/tr>\n<tr style=\"height: 20px;\">\n<td style=\"height: 20px;\" width=\"46\">19.<\/td>\n<td style=\"height: 20px;\" width=\"702\">Kemijski peeling<\/td>\n<td style=\"height: 20px;\" width=\"181\">100,00 \u20ac &#8211; 180,00 \u20ac<\/td>\n<\/tr>\n<tr style=\"height: 20px;\">\n<td style=\"height: 20px;\" width=\"46\">20<\/td>\n<td style=\"height: 20px;\" width=\"702\">Intralezionalna aplikacija triamcinolanacetonida<\/td>\n<td style=\"height: 20px;\" width=\"181\">80,00 \u20ac po ampuli<\/td>\n<\/tr>\n<tr style=\"height: 80px;\">\n<td style=\"height: 80px;\" width=\"46\"><\/td>\n<td style=\"height: 80px;\" width=\"702\"><strong>\u00a0<\/strong><\/p>\n<p style=\"text-align: center;\"><span style=\"font-size: 12pt;\"><strong>Ambulanta za urologiju<\/strong><\/span><\/p>\n<\/td>\n<td style=\"height: 80px;\" width=\"181\"><\/td>\n<\/tr>\n<tr style=\"height: 20px;\">\n<td style=\"height: 20px;\" width=\"46\">1.<\/td>\n<td style=\"height: 20px;\" width=\"702\">Prvi urolo\u0161ki pregled<\/td>\n<td style=\"height: 20px;\" width=\"181\">70,00 \u20ac<\/td>\n<\/tr>\n<tr style=\"height: 20px;\">\n<td style=\"height: 20px;\" width=\"46\">2.<\/td>\n<td style=\"height: 20px;\" width=\"702\">Kontrolni urolo\u0161ki pregled<\/td>\n<td style=\"height: 20px;\" width=\"181\">60,00 \u20ac<\/td>\n<\/tr>\n<tr style=\"height: 20px;\">\n<td style=\"height: 20px;\" width=\"46\">3.<\/td>\n<td style=\"height: 20px;\" width=\"702\">Subspecijalisti\u010dki (androlo\u0161ki) pregled<\/td>\n<td style=\"height: 20px;\" width=\"181\">80,00 \u20ac<\/td>\n<\/tr>\n<tr style=\"height: 20px;\">\n<td style=\"height: 20px;\" width=\"46\">4.<\/td>\n<td style=\"height: 20px;\" width=\"702\">Urolo\u0161ki ultrazvuk, kompletni<\/td>\n<td style=\"height: 20px;\" width=\"181\">70,00 \u20ac<\/td>\n<\/tr>\n<tr style=\"height: 20px;\">\n<td style=\"height: 20px;\" width=\"46\">5.<\/td>\n<td style=\"height: 20px;\" width=\"702\">Ultrazvuk testisa<\/td>\n<td style=\"height: 20px;\" width=\"181\">45,00 \u20ac<\/td>\n<\/tr>\n<tr style=\"height: 20px;\">\n<td style=\"height: 20px;\" width=\"46\">6.<\/td>\n<td style=\"height: 20px;\" width=\"702\">Promjena katetera, obi\u010dni<\/td>\n<td style=\"height: 20px;\" width=\"181\">20,00 \u20ac<\/td>\n<\/tr>\n<tr style=\"height: 20px;\">\n<td style=\"height: 20px;\" width=\"46\">7.<\/td>\n<td style=\"height: 20px;\" width=\"702\">Promjena katetera, silikonski<\/td>\n<td style=\"height: 20px;\" width=\"181\">20,00 \u20ac<\/td>\n<\/tr>\n<tr style=\"height: 20px;\">\n<td style=\"height: 20px;\" width=\"46\">8.<\/td>\n<td style=\"height: 20px;\" width=\"702\">Adhezioliza prepucija<\/td>\n<td style=\"height: 20px;\" width=\"181\">30,00 \u20ac<\/td>\n<\/tr>\n<tr style=\"height: 20px;\">\n<td style=\"height: 20px;\" width=\"46\">9.<\/td>\n<td style=\"height: 20px;\" width=\"702\">Davanje injekcija u plak kavernoznog tijela (verapamil)<\/td>\n<td style=\"height: 20px;\" width=\"181\">30,00 \u20ac<\/td>\n<\/tr>\n<tr style=\"height: 20px;\">\n<td style=\"height: 20px;\" width=\"46\">10.<\/td>\n<td style=\"height: 20px;\" width=\"702\">Intrakavernozne injekcije s prostaglandinom s edukacijom\u00a0(plus cijena Caverjecta)<\/td>\n<td style=\"height: 20px;\" width=\"181\">25,00 \u20ac<\/td>\n<\/tr>\n<tr>\n<td>11.<\/td>\n<td>Specijalisti\u010dki pregled urologa sa ultrazvukom<\/td>\n<td>110,00 \u20ac<\/td>\n<\/tr>\n<\/tbody>\n<\/table>\n<p>&nbsp;<\/p>\n<p style=\"text-align: center;\"><strong><span style=\"font-size: 12pt;\">Laboratorijska dijagnostika<\/span><\/strong><\/p>\n<p>Poliklinika uzima uzorke krvi sa vanjskom suradnom ustanovom i obavlja sve osnovne hematolo\u0161ke i biokemijske pretrage, ali i brojne diferentne, kao \u0161to su tumor markeri, hormoni, elektroliti, serologija Corone.<br \/>\nNalaz, sutradan poslije uzimanja, \u0161aljemo na e-mail pacijenta ili na adresu.<\/p>\n<p>&nbsp;<\/p>\n<p>Sve dodatne informacije mo\u017eete dobiti na telefon ili mail poliklinike.<\/p>\n<p><strong>Cjenik vrijedi od 01.03.2025. <\/strong><br \/>\n<strong>Poliklinika mo\u017ee u odre\u0111enim uvjetima odobriti dodatni popust!<\/strong><\/p>\n<div><\/div>\n","protected":false},"excerpt":{"rendered":"<p>Opis postupka\/usluge Cijena (\u20ac) \u00a0 Interna medicina\/ kardiologija 1. Specijalisti\u010dki internisti\u010dki pregled 60,00 \u20ac 2. Kontrolni specijalisti\u010dki pregled 55,00 \u20ac 3. Subspecijalisti\u010dki kardiolo\u0161ki pregled 70,00 \u20ac 4. Kontrolni subspecijalisti\u010dki pregled 65,00 \u20ac 5. Konzultacija 45,00 \u20ac 6. EKG s o\u010ditanjem 30,00 \u20ac 7. Ergometrija 75,00 \u20ac 8. Holter elektrokardiogram 70,00 \u20ac 9. Kontinuirano mjerenje arterijskog<\/p>\n","protected":false},"author":4,"featured_media":0,"parent":0,"menu_order":0,"comment_status":"closed","ping_status":"closed","template":"","meta":{"_acf_changed":false,"footnotes":""},"acf":[],"_links":{"self":[{"href":"https:\/\/www.poliklinika-nedic.hr\/pn\/wp-json\/wp\/v2\/pages\/6556"}],"collection":[{"href":"https:\/\/www.poliklinika-nedic.hr\/pn\/wp-json\/wp\/v2\/pages"}],"about":[{"href":"https:\/\/www.poliklinika-nedic.hr\/pn\/wp-json\/wp\/v2\/types\/page"}],"author":[{"embeddable":true,"href":"https:\/\/www.poliklinika-nedic.hr\/pn\/wp-json\/wp\/v2\/users\/4"}],"replies":[{"embeddable":true,"href":"https:\/\/www.poliklinika-nedic.hr\/pn\/wp-json\/wp\/v2\/comments?post=6556"}],"version-history":[{"count":0,"href":"https:\/\/www.poliklinika-nedic.hr\/pn\/wp-json\/wp\/v2\/pages\/6556\/revisions"}],"wp:attachment":[{"href":"https:\/\/www.poliklinika-nedic.hr\/pn\/wp-json\/wp\/v2\/media?parent=6556"}],"curies":[{"name":"wp","href":"https:\/\/api.w.org\/{rel}","templated":true}]}}