{"id":6532,"date":"2021-05-05T08:22:51","date_gmt":"2021-05-05T07:22:51","guid":{"rendered":"https:\/\/www.poliklinika-nedic.hr\/pn\/?page_id=6532"},"modified":"2026-04-09T10:09:21","modified_gmt":"2026-04-09T09:09:21","slug":"cjenik","status":"publish","type":"page","link":"https:\/\/www.poliklinika-nedic.hr\/pn\/medicina-rada\/cjenik\/","title":{"rendered":"Cjenik usluga"},"content":{"rendered":"<div class=\"wpb-content-wrapper\"><p>[vc_row][vc_column][vc_custom_heading text=&#8221;Ustanova za zdravstvenu skrb Nedi\u0107&#8221; font_container=&#8221;tag:h2|font_size:24px|text_align:center|line_height:26px&#8221; use_theme_fonts=&#8221;yes&#8221;][vc_column_text]<\/p>\n<p style=\"text-align: center;\"><i class=\"fa fa-phone-square\" aria-hidden=\"true\"><\/i> <a href=\"tel:+385993837308\">+385 99 383 7308<\/a> | <i class=\"fa fa-envelope-o\" aria-hidden=\"true\"><\/i> <a href=\"mailto:medicina.rada.slatina@gmail.com\">medicina.rada.slatina@gmail.com<\/a><\/p>\n<p>[\/vc_column_text][\/vc_column][\/vc_row][vc_row][vc_column][vc_raw_html]JTNDcCUyMHN0eWxlJTNEJTIydGV4dC1hbGlnbiUzQSUyMGNlbnRlciUzQiUyMiUzRSU1QnViZXJtZW51JTIwY29uZmlnX2lkJTNEJTIybWFpbiUyMiUyMG1lbnUlM0QlMjIxMzQlMjIlNUQlM0MlMkZwJTNFJTBB[\/vc_raw_html][\/vc_column][\/vc_row][vc_row][vc_column][vc_text_separator title=&#8221;Cjenik usluga&#8221; color=&#8221;custom&#8221; border_width=&#8221;2&#8243; accent_color=&#8221;#2cbfd9&#8243;][\/vc_column][\/vc_row][vc_row][vc_column][vc_empty_space height=&#8221;50px&#8221;][\/vc_column][\/vc_row][vc_row gap=&#8221;10&#8243;][vc_column width=&#8221;1\/2&#8243;][vc_column_text css=&#8221;&#8221;]<\/p>\n<table cellspacing=\"0\" cellpadding=\"2\">\n<tbody>\n<tr>\n<td colspan=\"2\" bgcolor=\"#ffffff\">\n<p align=\"left\"><span style=\"font-size: 24pt;\"><b>MEDICINA RADA<\/b><\/span><\/p>\n<\/td>\n<\/tr>\n<tr>\n<td bgcolor=\"#c0c0c0\">\n<p align=\"left\"><span style=\"font-size: 14pt;\"><b>Opis postupka\/usluge<\/b><\/span><\/p>\n<\/td>\n<td bgcolor=\"#c0c0c0\">\n<p style=\"text-align: right;\" align=\"left\"><span style=\"font-size: 14pt;\"><b>Cijena u kn (\u20ac)<\/b><\/span><\/p>\n<\/td>\n<\/tr>\n<tr>\n<td bgcolor=\"#ffffff\">\n<p align=\"left\">Konzultacija<\/p>\n<\/td>\n<td bgcolor=\"#ffffff\">\n<p style=\"text-align: right;\" align=\"left\">15,00 \u20ac<\/p>\n<\/td>\n<\/tr>\n<tr>\n<td bgcolor=\"#ffffff\">\n<p align=\"left\">Sistematski pregled pojedinih skupina<\/p>\n<\/td>\n<td bgcolor=\"#ffffff\">\n<p style=\"text-align: right;\" align=\"left\">20,00 \u20ac<\/p>\n<\/td>\n<\/tr>\n<tr>\n<td bgcolor=\"#ffffff\">\n<p align=\"left\">Ocjena radne sposobnosti<\/p>\n<\/td>\n<td bgcolor=\"#ffffff\">\n<p style=\"text-align: right;\" align=\"left\">100,00 \u20ac<\/p>\n<\/td>\n<\/tr>\n<tr>\n<td bgcolor=\"#ffffff\">\n<p align=\"left\">Pregled sporta\u0161a za natjecanje<\/p>\n<\/td>\n<td bgcolor=\"#ffffff\">\n<p style=\"text-align: right;\" align=\"left\">30,00 \u20ac<\/p>\n<\/td>\n<\/tr>\n<tr>\n<td bgcolor=\"#ffffff\">\n<p align=\"left\">Pregled \u010duvara<\/p>\n<\/td>\n<td bgcolor=\"#ffffff\">\n<p style=\"text-align: right;\" align=\"left\">55,00 \u20ac<\/p>\n<\/td>\n<\/tr>\n<tr>\n<td bgcolor=\"#ffffff\">\n<p align=\"left\">Pregled profesora i nastavnika<\/p>\n<\/td>\n<td bgcolor=\"#ffffff\">\n<p style=\"text-align: right;\" align=\"left\">20,00 \u20ac<\/p>\n<\/td>\n<\/tr>\n<tr>\n<td bgcolor=\"#ffffff\">\n<p align=\"left\">Pregled vatrogasaca<\/p>\n<\/td>\n<td bgcolor=\"#ffffff\">\n<p style=\"text-align: right;\" align=\"left\">70,00 \u20ac<\/p>\n<\/td>\n<\/tr>\n<tr>\n<td bgcolor=\"#ffffff\">\n<p align=\"left\">Pregled za odlazak u inozemstvo<\/p>\n<\/td>\n<td bgcolor=\"#ffffff\">\n<p style=\"text-align: right;\" align=\"left\">30,00 \u20ac<\/p>\n<\/td>\n<\/tr>\n<tr>\n<td bgcolor=\"#ffffff\">\n<p align=\"left\">Pregled za upis u srednju \u0161kolu\/ fakultet (ekg-e, spirometrija, vid, sluh)<\/p>\n<\/td>\n<td bgcolor=\"#ffffff\">\n<p style=\"text-align: right;\" align=\"left\">30,00 \u20ac<\/p>\n<\/td>\n<\/tr>\n<tr>\n<td bgcolor=\"#ffffff\">\n<p align=\"left\">Pregled specijaliste unutar pregleda medicine rada<\/p>\n<\/td>\n<td bgcolor=\"#ffffff\">\n<p style=\"text-align: right;\" align=\"left\">10,00 \u20ac<\/p>\n<\/td>\n<\/tr>\n<tr>\n<td bgcolor=\"#ffffff\">\n<p align=\"left\">Pregled voza\u010da amatera<\/p>\n<\/td>\n<td bgcolor=\"#ffffff\">\n<p style=\"text-align: right;\" align=\"left\">50,00 \u20ac<\/p>\n<\/td>\n<\/tr>\n<tr>\n<td bgcolor=\"#ffffff\">\n<p align=\"left\">Pregled voza\u010da profesionalaca<\/p>\n<\/td>\n<td bgcolor=\"#ffffff\">\n<p style=\"text-align: right;\" align=\"left\">70,00 \u20ac<\/p>\n<\/td>\n<\/tr>\n<tr>\n<td>Pregled za no\u0161enje i dr\u017eanje oru\u017eja<\/td>\n<td>\n<p style=\"text-align: right;\" align=\"left\">70,00 \u20ac<\/p>\n<\/td>\n<\/tr>\n<tr>\n<td bgcolor=\"#ffffff\">\n<p align=\"left\">Izvanredni nadzorni pregled za voza\u010da motornih vozila kategorija AM, A1, A2, A, B, BE, F, G<\/p>\n<\/td>\n<td bgcolor=\"#ffffff\">\n<p style=\"text-align: right;\" align=\"left\">70,00 \u20ac<\/p>\n<\/td>\n<\/tr>\n<tr>\n<td bgcolor=\"#ffffff\">\n<p align=\"left\">Izvanredni nadzorni pregled za voza\u010da motornih vozila kategorija C1, C1E, C, CE, D1, D1E, D, DE, H<\/p>\n<\/td>\n<td bgcolor=\"#ffffff\">\n<p style=\"text-align: right;\" align=\"left\">95,00 \u20ac<\/p>\n<\/td>\n<\/tr>\n<tr>\n<td bgcolor=\"#ffffff\">\n<p align=\"left\">Pregled pomoraca<\/p>\n<\/td>\n<td bgcolor=\"#ffffff\">\n<p style=\"text-align: right;\" align=\"left\">60,00 \u20ac<\/p>\n<\/td>\n<\/tr>\n<tr>\n<td bgcolor=\"#ffffff\">\n<p align=\"left\">Pregled za rad u ioniziraju\u0107em zra\u010denju prethodni\/periodi\u010dki<\/p>\n<\/td>\n<td bgcolor=\"#ffffff\">\n<p style=\"text-align: right;\" align=\"left\">60,00 \u20ac<\/p>\n<\/td>\n<\/tr>\n<tr>\n<td bgcolor=\"#ffffff\">\n<p align=\"left\">Pregled za otvaranje obrta<\/p>\n<\/td>\n<td bgcolor=\"#ffffff\">\n<p style=\"text-align: right;\" align=\"left\">50,00 \u20ac<\/p>\n<\/td>\n<\/tr>\n<tr>\n<td bgcolor=\"#ffffff\">\n<p align=\"left\">Pregled za no\u0107nog radnika<\/p>\n<\/td>\n<td bgcolor=\"#ffffff\">\n<p style=\"text-align: right;\" align=\"left\">55,00 \u20ac<\/p>\n<\/td>\n<\/tr>\n<tr>\n<td bgcolor=\"#ffffff\">\n<p align=\"left\">Pregled za sudskog vje\u0161taka, u\u010dlanjenje u stru\u010dne komore i otvaranje obrta<\/p>\n<\/td>\n<td bgcolor=\"#ffffff\">\n<p style=\"text-align: right;\" align=\"left\">55,00 \u20ac<\/p>\n<\/td>\n<\/tr>\n<tr>\n<td bgcolor=\"#ffffff\">\n<p align=\"left\">Pregled za rad na ra\u010dunalu<\/p>\n<\/td>\n<td bgcolor=\"#ffffff\">\n<p style=\"text-align: right;\" align=\"left\">30,00 \u20ac<\/p>\n<\/td>\n<\/tr>\n<tr>\n<td bgcolor=\"#ffffff\">\n<p align=\"left\">Vje\u0161ta\u010denje radne sposobnosti na zahtjev<\/p>\n<\/td>\n<td bgcolor=\"#ffffff\">\n<p style=\"text-align: right;\" align=\"left\">95,00 \u20ac<\/p>\n<\/td>\n<\/tr>\n<tr>\n<td bgcolor=\"#ffffff\">\n<p align=\"left\">Lije\u010dni\u010dko uvjerenje za trajno nastanjenje<\/p>\n<\/td>\n<td bgcolor=\"#ffffff\">\n<p style=\"text-align: right;\" align=\"left\">50,00 \u20ac<\/p>\n<\/td>\n<\/tr>\n<tr>\n<td bgcolor=\"#ffffff\">\n<p align=\"left\">Test na drogu i alkohol<\/p>\n<\/td>\n<td bgcolor=\"#ffffff\">\n<p style=\"text-align: right;\" align=\"left\">50,00 \u20ac<\/p>\n<\/td>\n<\/tr>\n<tr>\n<td bgcolor=\"#ffffff\">\n<p align=\"left\">Test na drogu i alkohol \/ pro\u0161ireno testiranje<\/p>\n<\/td>\n<td bgcolor=\"#ffffff\">\n<p style=\"text-align: right;\" align=\"left\">60,00 \u20ac<\/p>\n<\/td>\n<\/tr>\n<tr>\n<td bgcolor=\"#ffffff\">\n<p align=\"left\">Te\u010daj prve pomo\u0107i po kandidatu, auto\u0161kola<\/p>\n<\/td>\n<td bgcolor=\"#ffffff\">\n<p style=\"text-align: right;\" align=\"left\">60,00 \u20ac<\/p>\n<\/td>\n<\/tr>\n<tr>\n<td>Pregled radnika bez PUR-a<\/td>\n<td>\n<p style=\"text-align: right;\" align=\"left\">50,00 \u20ac<\/p>\n<\/td>\n<\/tr>\n<tr>\n<td>Pregled radnika PUR<\/td>\n<td>\n<p style=\"text-align: right;\" align=\"left\">55,00 \u20ac<\/p>\n<\/td>\n<\/tr>\n<tr>\n<td>Psiholo\u0161ko testiranje &#8211; pregled voza\u010da amatera<\/td>\n<td>\n<p style=\"text-align: right;\" align=\"left\">13,00 \u20ac<\/p>\n<\/td>\n<\/tr>\n<tr>\n<td>Psiholo\u0161ko testiranje &#8211; pregled voza\u010da profesionalca<\/td>\n<td>\n<p style=\"text-align: right;\" align=\"left\">15,00 \u20ac<\/p>\n<\/td>\n<\/tr>\n<tr>\n<td>Psiholo\u0161ko testiranje &#8211; dr\u017eanje i no\u0161enje oru\u017eja<\/td>\n<td>\n<p style=\"text-align: right;\" align=\"left\">17,00 \u20ac<\/p>\n<\/td>\n<\/tr>\n<tr>\n<td>Psiholo\u0161ko testiranje &#8211; pregled radnika<\/td>\n<td>\n<p style=\"text-align: right;\" align=\"left\">16,00 \u20ac<\/p>\n<\/td>\n<\/tr>\n<tr>\n<td>Psiholo\u0161ko testiranje &#8211; pregled radnika pro\u0161ireni<\/td>\n<td>\n<p style=\"text-align: right;\" align=\"left\">21,00 \u20ac<\/p>\n<\/td>\n<\/tr>\n<\/tbody>\n<\/table>\n<p>[\/vc_column_text][\/vc_column][vc_column width=&#8221;1\/2&#8243;][vc_column_text css=&#8221;&#8221;]<\/p>\n<table>\n<tbody>\n<tr>\n<td colspan=\"2\" bgcolor=\"#ffffff\">\n<p align=\"left\"><span style=\"font-size: 24pt;\"><b>MEDICINA SPORTA<\/b><\/span><\/p>\n<\/td>\n<\/tr>\n<tr>\n<td bgcolor=\"#c0c0c0\">\n<p align=\"left\"><span style=\"font-size: 14pt;\"><b>Opis postupka\/usluge<\/b><\/span><\/p>\n<\/td>\n<td bgcolor=\"#c0c0c0\">\n<p align=\"left\"><span style=\"font-size: 14pt;\"><b>Cijena u kn (\u20ac)<\/b><\/span><\/p>\n<\/td>\n<\/tr>\n<tr>\n<td bgcolor=\"#ffffff\">\n<p align=\"left\">Pregled sporta\u0161a za klubove<\/p>\n<\/td>\n<td bgcolor=\"#ffffff\">\n<p style=\"text-align: right;\" align=\"left\">30,00 <b>\u20ac<\/b><\/p>\n<\/td>\n<\/tr>\n<tr>\n<td bgcolor=\"#ffffff\">\n<p align=\"left\">Pregled nakon muskuloskeletne ozljede<\/p>\n<\/td>\n<td bgcolor=\"#ffffff\">\n<p style=\"text-align: right;\" align=\"left\">35,00 <b>\u20ac<\/b><\/p>\n<\/td>\n<\/tr>\n<tr>\n<td bgcolor=\"#ffffff\">\n<p align=\"left\">Muskuloskeletni ultrazvuk<\/p>\n<\/td>\n<td bgcolor=\"#ffffff\">\n<p style=\"text-align: right;\" align=\"left\">60,00 <b>\u20ac<\/b><\/p>\n<\/td>\n<\/tr>\n<tr>\n<td bgcolor=\"#ffffff\">\n<p align=\"left\">Blokade injekcijama u rameni zglob, lakat i koljeno<\/p>\n<\/td>\n<td bgcolor=\"#ffffff\">\n<p style=\"text-align: right;\" align=\"left\">50,00 <b>\u20ac<\/b><\/p>\n<\/td>\n<\/tr>\n<tr>\n<td bgcolor=\"#ffffff\">\n<p align=\"left\">Primjena hijaluronske kiseline u velike zglobove<\/p>\n<\/td>\n<td bgcolor=\"#ffffff\">\n<p style=\"text-align: right;\" align=\"left\">50,00 <b>\u20ac <\/b>+ cijena lijeka<\/p>\n<\/td>\n<\/tr>\n<tr>\n<td bgcolor=\"#ffffff\">\n<p align=\"left\">Savjetovanje i preporuke za provo\u0111enje fizikalne terapije i vje\u017ebi<\/p>\n<\/td>\n<td bgcolor=\"#ffffff\">\n<p style=\"text-align: right;\" align=\"left\">35,00 <b>\u20ac<\/b><\/p>\n<\/td>\n<\/tr>\n<tr>\n<td bgcolor=\"#ffffff\"><\/td>\n<td bgcolor=\"#ffffff\"><\/td>\n<\/tr>\n<\/tbody>\n<\/table>\n<p>[\/vc_column_text][\/vc_column][\/vc_row][vc_row][vc_column][vc_empty_space height=&#8221;50px&#8221;][\/vc_column][\/vc_row][vc_row][vc_column][vc_separator][\/vc_column][\/vc_row]<\/p>\n<\/div>","protected":false},"excerpt":{"rendered":"<p>[vc_row][vc_column][vc_custom_heading text=&#8221;Ustanova za zdravstvenu skrb Nedi\u0107&#8221; font_container=&#8221;tag:h2|font_size:24px|text_align:center|line_height:26px&#8221; use_theme_fonts=&#8221;yes&#8221;][vc_column_text] +385 99 383 7308 | medicina.rada.slatina@gmail.com [\/vc_column_text][\/vc_column][\/vc_row][vc_row][vc_column][vc_raw_html]JTNDcCUyMHN0eWxlJTNEJTIydGV4dC1hbGlnbiUzQSUyMGNlbnRlciUzQiUyMiUzRSU1QnViZXJtZW51JTIwY29uZmlnX2lkJTNEJTIybWFpbiUyMiUyMG1lbnUlM0QlMjIxMzQlMjIlNUQlM0MlMkZwJTNFJTBB[\/vc_raw_html][\/vc_column][\/vc_row][vc_row][vc_column][vc_text_separator title=&#8221;Cjenik usluga&#8221; color=&#8221;custom&#8221; border_width=&#8221;2&#8243; accent_color=&#8221;#2cbfd9&#8243;][\/vc_column][\/vc_row][vc_row][vc_column][vc_empty_space height=&#8221;50px&#8221;][\/vc_column][\/vc_row][vc_row gap=&#8221;10&#8243;][vc_column width=&#8221;1\/2&#8243;][vc_column_text css=&#8221;&#8221;] MEDICINA RADA Opis postupka\/usluge Cijena u kn (\u20ac) Konzultacija 15,00 \u20ac Sistematski pregled pojedinih skupina 20,00 \u20ac Ocjena radne sposobnosti 100,00 \u20ac Pregled sporta\u0161a za natjecanje 30,00 \u20ac Pregled \u010duvara 55,00<\/p>\n","protected":false},"author":4,"featured_media":0,"parent":6500,"menu_order":0,"comment_status":"closed","ping_status":"closed","template":"","meta":{"_acf_changed":false,"footnotes":""},"acf":[],"_links":{"self":[{"href":"https:\/\/www.poliklinika-nedic.hr\/pn\/wp-json\/wp\/v2\/pages\/6532"}],"collection":[{"href":"https:\/\/www.poliklinika-nedic.hr\/pn\/wp-json\/wp\/v2\/pages"}],"about":[{"href":"https:\/\/www.poliklinika-nedic.hr\/pn\/wp-json\/wp\/v2\/types\/page"}],"author":[{"embeddable":true,"href":"https:\/\/www.poliklinika-nedic.hr\/pn\/wp-json\/wp\/v2\/users\/4"}],"replies":[{"embeddable":true,"href":"https:\/\/www.poliklinika-nedic.hr\/pn\/wp-json\/wp\/v2\/comments?post=6532"}],"version-history":[{"count":0,"href":"https:\/\/www.poliklinika-nedic.hr\/pn\/wp-json\/wp\/v2\/pages\/6532\/revisions"}],"up":[{"embeddable":true,"href":"https:\/\/www.poliklinika-nedic.hr\/pn\/wp-json\/wp\/v2\/pages\/6500"}],"wp:attachment":[{"href":"https:\/\/www.poliklinika-nedic.hr\/pn\/wp-json\/wp\/v2\/media?parent=6532"}],"curies":[{"name":"wp","href":"https:\/\/api.w.org\/{rel}","templated":true}]}}