{"id":6529,"date":"2021-05-05T08:21:42","date_gmt":"2021-05-05T07:21:42","guid":{"rendered":"https:\/\/www.poliklinika-nedic.hr\/pn\/?page_id=6529"},"modified":"2025-01-07T14:11:22","modified_gmt":"2025-01-07T13:11:22","slug":"o-nama","status":"publish","type":"page","link":"https:\/\/www.poliklinika-nedic.hr\/pn\/medicina-rada\/o-nama\/","title":{"rendered":"O nama"},"content":{"rendered":"<div class=\"wpb-content-wrapper\"><p>[vc_row][vc_column][vc_custom_heading text=&#8221;Ustanova za zdravstvenu skrb Nedi\u0107&#8221; font_container=&#8221;tag:h2|font_size:24px|text_align:center|line_height:26px&#8221; use_theme_fonts=&#8221;yes&#8221;][vc_column_text]<\/p>\n<p style=\"text-align: center;\"><i class=\"fa fa-phone-square\" aria-hidden=\"true\"><\/i> <a href=\"tel:+385993837308\">+385 99 383 7308<\/a> | <i class=\"fa fa-envelope-o\" aria-hidden=\"true\"><\/i> <a href=\"mailto:medicina.rada.slatina@gmail.com\">medicina.rada.slatina@gmail.com<\/a><\/p>\n<p>[\/vc_column_text][\/vc_column][\/vc_row][vc_row][vc_column][vc_raw_html]JTNDcCUyMHN0eWxlJTNEJTIydGV4dC1hbGlnbiUzQSUyMGNlbnRlciUzQiUyMiUzRSU1QnViZXJtZW51JTIwY29uZmlnX2lkJTNEJTIybWFpbiUyMiUyMG1lbnUlM0QlMjIxMzQlMjIlNUQlM0MlMkZwJTNFJTBB[\/vc_raw_html][\/vc_column][\/vc_row][vc_row][vc_column][vc_text_separator title=&#8221;O nama&#8221; color=&#8221;custom&#8221; border_width=&#8221;2&#8243; accent_color=&#8221;#2cbfd9&#8243;][\/vc_column][\/vc_row][vc_row][vc_column][vc_empty_space height=&#8221;50px&#8221;][\/vc_column][\/vc_row][vc_row][vc_column][vc_column_text]<\/p>\n<h2>Dobro do\u0161li u ovdje virtualni, ali i stvarni prostor novootvorene zdravstvene djelatnosti medicine rada i sporta. Projekt smo zapo\u010deli s idejom da ovom dru\u0161tvu treba vi\u0161e rada i vi\u0161e sporta. Tu \u0107e na\u0161a ordinacija dati odgovor na sve izazove i biti najbolji servis potrebitima.<\/h2>\n<h2>Odli\u010dno smo kadrovski i materijalno tehni\u010dki opremljeni. Nismo neskromni, kada ka\u017eemo da \u017eelimo biti najbolji u svojem poslu. U to \u0107ete se brzo uvjeriti.<\/h2>\n<h2>Zato, dobro nam do\u0161li!<\/h2>\n<h2>Mo\u017eete nas dobiti uvijek na adresi na\u0161e poslovne po\u0161te <a href=\"mailto:medicina.rada.slatina@gmail.com\"><b>medicina.rada.slatina@gmail.com<\/b><\/a> ili na telefon <b>099 3837308<\/b>. Telefon podr\u017eava i sve komunikacijske platforme: <b>messenger, viber, whatsapp<\/b>. Mo\u017eete koristiti naravno i kontakt obrazac.<\/h2>\n<h2>Dobro do\u0161li!!!<\/h2>\n<p>[\/vc_column_text][vc_separator][vc_column_text]<\/p>\n<h2 style=\"text-align: center;\">Osoblje<\/h2>\n<p>[\/vc_column_text][vc_column_text css=&#8221;&#8221;]<\/p>\n<h5 style=\"text-align: center;\">Voditelj ambulante:<\/h5>\n<h5 style=\"text-align: center;\">Dr. med. Nikica Tole, specijalist medicine rada i sporta<\/h5>\n<h5 style=\"text-align: center;\">Silvija Gabri\u0107, medicinska sestra<\/h5>\n<h5 style=\"text-align: center;\">Andrea Greguri\u0107, psiholog<\/h5>\n<p>[\/vc_column_text][\/vc_column][\/vc_row][vc_row][vc_column][vc_empty_space height=&#8221;50px&#8221;][\/vc_column][\/vc_row][vc_row][vc_column][vc_separator][\/vc_column][\/vc_row]<\/p>\n<\/div>","protected":false},"excerpt":{"rendered":"<p>[vc_row][vc_column][vc_custom_heading text=&#8221;Ustanova za zdravstvenu skrb Nedi\u0107&#8221; font_container=&#8221;tag:h2|font_size:24px|text_align:center|line_height:26px&#8221; use_theme_fonts=&#8221;yes&#8221;][vc_column_text] +385 99 383 7308 | medicina.rada.slatina@gmail.com [\/vc_column_text][\/vc_column][\/vc_row][vc_row][vc_column][vc_raw_html]JTNDcCUyMHN0eWxlJTNEJTIydGV4dC1hbGlnbiUzQSUyMGNlbnRlciUzQiUyMiUzRSU1QnViZXJtZW51JTIwY29uZmlnX2lkJTNEJTIybWFpbiUyMiUyMG1lbnUlM0QlMjIxMzQlMjIlNUQlM0MlMkZwJTNFJTBB[\/vc_raw_html][\/vc_column][\/vc_row][vc_row][vc_column][vc_text_separator title=&#8221;O nama&#8221; color=&#8221;custom&#8221; border_width=&#8221;2&#8243; accent_color=&#8221;#2cbfd9&#8243;][\/vc_column][\/vc_row][vc_row][vc_column][vc_empty_space height=&#8221;50px&#8221;][\/vc_column][\/vc_row][vc_row][vc_column][vc_column_text] Dobro do\u0161li u ovdje virtualni, ali i stvarni prostor novootvorene zdravstvene djelatnosti medicine rada i sporta. Projekt smo zapo\u010deli s idejom da ovom dru\u0161tvu treba vi\u0161e rada i vi\u0161e sporta. Tu \u0107e na\u0161a ordinacija<\/p>\n","protected":false},"author":4,"featured_media":0,"parent":6500,"menu_order":0,"comment_status":"closed","ping_status":"closed","template":"","meta":{"_acf_changed":false,"footnotes":""},"acf":[],"_links":{"self":[{"href":"https:\/\/www.poliklinika-nedic.hr\/pn\/wp-json\/wp\/v2\/pages\/6529"}],"collection":[{"href":"https:\/\/www.poliklinika-nedic.hr\/pn\/wp-json\/wp\/v2\/pages"}],"about":[{"href":"https:\/\/www.poliklinika-nedic.hr\/pn\/wp-json\/wp\/v2\/types\/page"}],"author":[{"embeddable":true,"href":"https:\/\/www.poliklinika-nedic.hr\/pn\/wp-json\/wp\/v2\/users\/4"}],"replies":[{"embeddable":true,"href":"https:\/\/www.poliklinika-nedic.hr\/pn\/wp-json\/wp\/v2\/comments?post=6529"}],"version-history":[{"count":0,"href":"https:\/\/www.poliklinika-nedic.hr\/pn\/wp-json\/wp\/v2\/pages\/6529\/revisions"}],"up":[{"embeddable":true,"href":"https:\/\/www.poliklinika-nedic.hr\/pn\/wp-json\/wp\/v2\/pages\/6500"}],"wp:attachment":[{"href":"https:\/\/www.poliklinika-nedic.hr\/pn\/wp-json\/wp\/v2\/media?parent=6529"}],"curies":[{"name":"wp","href":"https:\/\/api.w.org\/{rel}","templated":true}]}}