{"id":6500,"date":"2021-05-03T10:45:48","date_gmt":"2021-05-03T09:45:48","guid":{"rendered":"https:\/\/www.poliklinika-nedic.hr\/pn\/?page_id=6500"},"modified":"2025-01-07T13:59:11","modified_gmt":"2025-01-07T12:59:11","slug":"medicina-rada","status":"publish","type":"page","link":"https:\/\/www.poliklinika-nedic.hr\/pn\/medicina-rada\/","title":{"rendered":"Medicina rada i sporta"},"content":{"rendered":"<div class=\"wpb-content-wrapper\"><p>[vc_row][vc_column][vc_row_inner][vc_column_inner][\/vc_column_inner][\/vc_row_inner][\/vc_column][\/vc_row][vc_row][vc_column][vc_custom_heading text=&#8221;Ustanova za zdravstvenu skrb Nedi\u0107&#8221; font_container=&#8221;tag:h2|font_size:24px|text_align:center|line_height:26px&#8221; use_theme_fonts=&#8221;yes&#8221;][vc_column_text]<\/p>\n<p style=\"text-align: center;\"><i class=\"fa fa-phone-square\" aria-hidden=\"true\"><\/i> <a href=\"tel:+385993837308\">+385 99 383 7308<\/a> | <i class=\"fa fa-envelope-o\" aria-hidden=\"true\"><\/i> <a href=\"mailto:medicina.rada.slatina@gmail.com\">medicina.rada.slatina@gmail.com<\/a><\/p>\n<p>[\/vc_column_text][\/vc_column][\/vc_row][vc_row][vc_column][vc_raw_html]JTNDcCUyMHN0eWxlJTNEJTIydGV4dC1hbGlnbiUzQSUyMGNlbnRlciUzQiUyMiUzRSU1QnViZXJtZW51JTIwY29uZmlnX2lkJTNEJTIybWFpbiUyMiUyMG1lbnUlM0QlMjIxMzQlMjIlNUQlM0MlMkZwJTNFJTBB[\/vc_raw_html][\/vc_column][\/vc_row][vc_row][vc_column][vc_text_separator title=&#8221;Medicina rada i sporta&#8221; color=&#8221;custom&#8221; border_width=&#8221;2&#8243; accent_color=&#8221;#2cbfd9&#8243;][\/vc_column][\/vc_row][vc_row][vc_column][vc_raw_html]JTVCbGF5ZXJzbGlkZXIlMjBpZCUzRCUyMjIlMjIlNUQ=[\/vc_raw_html][\/vc_column][\/vc_row][vc_row][vc_column][vc_empty_space height=&#8221;52px&#8221;][\/vc_column][\/vc_row][vc_row][vc_column width=&#8221;1\/4&#8243;][vc_icon icon_fontawesome=&#8221;fas fa-car&#8221; color=&#8221;white&#8221; background_style=&#8221;boxed&#8221; background_color=&#8221;custom&#8221; size=&#8221;xl&#8221; align=&#8221;center&#8221; css=&#8221;.vc_custom_1620035283621{padding-top: 5px !important;padding-right: 5px !important;padding-bottom: 5px !important;padding-left: 5px !important;}&#8221; custom_background_color=&#8221;#2cbfd9&#8243;][vc_column_text]<\/p>\n<h3 style=\"text-align: center;\">Voza\u010da, sve kategorija<br \/>\ni vrste pregleda<\/h3>\n<p>[\/vc_column_text][vc_tta_accordion style=&#8221;outline&#8221; shape=&#8221;square&#8221; color=&#8221;sky&#8221; c_align=&#8221;center&#8221; active_section=&#8221;10&#8243;][vc_tta_section title=&#8221;Opis usluge&#8221; tab_id=&#8221;1620117735322-ca963670-3478&#8243;][vc_column_text]<\/p>\n<h2><strong>PREGLEDI VOZA\u010cA SVIH KATEGORIJA<\/strong><\/h2>\n<p class=\"gmail-izrada_red\"><strong><em>Za pregled donijeti:<\/em><\/strong><\/p>\n<ul>\n<li><strong>potvrdu lije\u010dnika obiteljske medicine o stanju psihi\u010dkih i kroni\u010dnih bolesti<\/strong><\/li>\n<li><strong>osobnu iskaznicu<\/strong><\/li>\n<li><strong>voza\u010dku dozvolu (osim za prvi upis u auto\u0161kolu)<\/strong><\/li>\n<li><strong>za izvanredne preglede voza\u010da svih kategorija treba prilo\u017eiti rje\u0161enje izdano od policije<\/strong><\/li>\n<\/ul>\n<p class=\"gmail-izrada\"><strong><em><u>Kompletan pregled voza\u010da se sastoji od:<\/u><\/em><\/strong><\/p>\n<ul>\n<li>Laboratorijskih pretraga (za profesionalne voza\u010de i izvanredne preglede voza\u010da)<\/li>\n<li>EKG, spirometrija, audiometrija (za profesionalne voza\u010de),<\/li>\n<li>Pregled o\u0161trine vida na ortoreteru<\/li>\n<li>Pregled specijaliste medicine rada i<\/li>\n<li>Psiholo\u0161ko testiranje<\/li>\n<\/ul>\n<p class=\"gmail-izrada\">Napomena:<\/p>\n<ul>\n<li>za voza\u010de kod kojih se provode laboratorijske pretrage (profesionalci i izvanredni pregledi) na pregled treba do\u0107i od 08:00-10:00, radi va\u0111enja krvi i mokra\u0107e.<\/li>\n<\/ul>\n<ul>\n<li>Za voza\u010de kod kojih se ne provode laboratorijske pretrage (amateri svih kategorija), <i>najbolje do\u0107i iza 10 sati ili prema dogovoru<\/i>.<\/li>\n<\/ul>\n<p>[\/vc_column_text][\/vc_tta_section][\/vc_tta_accordion][\/vc_column][vc_column width=&#8221;1\/4&#8243;][vc_icon type=&#8221;material&#8221; icon_material=&#8221;vc-material vc-material-goat&#8221; color=&#8221;white&#8221; background_style=&#8221;boxed&#8221; background_color=&#8221;custom&#8221; size=&#8221;xl&#8221; align=&#8221;center&#8221; css=&#8221;.vc_custom_1620035813232{padding-top: 5px !important;padding-right: 5px !important;padding-bottom: 5px !important;padding-left: 5px !important;}&#8221; custom_background_color=&#8221;#2cbfd9&#8243;][vc_column_text]<\/p>\n<h3 style=\"text-align: center;\">Dr\u017eanje i no\u0161enje<br \/>\noru\u017eja, lovci<\/h3>\n<p>[\/vc_column_text][vc_tta_accordion style=&#8221;outline&#8221; shape=&#8221;square&#8221; color=&#8221;sky&#8221; c_align=&#8221;center&#8221; active_section=&#8221;10&#8243;][vc_tta_section title=&#8221;Opis usluge&#8221; tab_id=&#8221;1620119586644-7f56bf38-807a&#8221;][vc_column_text]<\/p>\n<h2><strong>PREGLEDI ZA DR\u017dANJE I NO\u0160ENJE ORU\u017dJA<\/strong><\/h2>\n<p class=\"gmail-izrada_red\"><strong><em>Za pregled donijeti:<\/em><\/strong><\/p>\n<ul>\n<li><strong>potvrdu lije\u010dnika obiteljske medicine o stanju psihi\u010dkih i kroni\u010dnih bolesti<\/strong><\/li>\n<li><strong>osobnu iskaznicu, OIB<\/strong><\/li>\n<\/ul>\n<p class=\"gmail-izrada\"><strong><em>Pregled se sastoji od:<\/em><\/strong><\/p>\n<ul>\n<li>Laboratorijskih pretraga,\u00a0<strong>na pregled treba do\u0107i od 08-10 sati<\/strong><\/li>\n<li>EKG, spirometrije, audiometrije, pregled vidne o\u0161trine na ortoreteru<\/li>\n<li>Psiholo\u0161ko testiranje<\/li>\n<li>Pregled specijaliste medicine rada<\/li>\n<li>Pregled psihijatra<\/li>\n<li>Pregled oftalmologa<\/li>\n<\/ul>\n<p>[\/vc_column_text][\/vc_tta_section][\/vc_tta_accordion][\/vc_column][vc_column width=&#8221;1\/4&#8243;][vc_icon icon_fontawesome=&#8221;fas fa-briefcase&#8221; color=&#8221;white&#8221; background_style=&#8221;boxed&#8221; background_color=&#8221;custom&#8221; size=&#8221;xl&#8221; align=&#8221;center&#8221; css=&#8221;.vc_custom_1620035503824{padding-top: 5px !important;padding-right: 5px !important;padding-bottom: 5px !important;padding-left: 5px !important;}&#8221; custom_background_color=&#8221;#2cbfd9&#8243;][vc_column_text]<\/p>\n<h3 style=\"text-align: center;\">Radnika, rad u Hrvatskog i inozemstvu<\/h3>\n<p>[\/vc_column_text][vc_tta_accordion style=&#8221;outline&#8221; shape=&#8221;square&#8221; color=&#8221;sky&#8221; c_align=&#8221;center&#8221; active_section=&#8221;10&#8243;][vc_tta_section title=&#8221;Opis usluge&#8221; tab_id=&#8221;1620370395948-575fb826-399c&#8221;][vc_column_text]<\/p>\n<h2><strong>PREGLEDI RADNIKA<\/strong><\/h2>\n<p class=\"gmail-izrada_red\"><strong><em>Za pregled donijeti:<\/em><\/strong><\/p>\n<ul>\n<li><strong>uputnicu za pregled izdanu od poslodavca (tiskanica RA-1)<\/strong><\/li>\n<li><strong>osobnu iskaznicu, OIB<\/strong><\/li>\n<li><strong>zdravstvenu iskaznicu<\/strong><\/li>\n<\/ul>\n<p><strong>\u00a0<\/strong><strong>Kompletan pregled se provodi u na\u0161oj Ustanovi, a sastoji se od:<\/strong><\/p>\n<ul>\n<li>Laboratorijskih pretraga,\u00a0<strong>na pregled treba do\u0107i od 08-10 sati<\/strong><\/li>\n<li>EKG, spirometrije, audiometrije, pregled vidne o\u0161trine na ortoreteru<\/li>\n<li>Psihologijsko testiranje<\/li>\n<li>Pregled specijaliste medicine rada<\/li>\n<\/ul>\n<p>[\/vc_column_text][\/vc_tta_section][\/vc_tta_accordion][\/vc_column][vc_column width=&#8221;1\/4&#8243;][vc_icon icon_fontawesome=&#8221;fas fa-running&#8221; color=&#8221;white&#8221; background_style=&#8221;boxed&#8221; background_color=&#8221;custom&#8221; size=&#8221;xl&#8221; align=&#8221;center&#8221; css=&#8221;.vc_custom_1620035521368{padding-top: 5px !important;padding-right: 5px !important;padding-bottom: 5px !important;padding-left: 5px !important;}&#8221; custom_background_color=&#8221;#2cbfd9&#8243;][vc_column_text]<\/p>\n<h3 style=\"text-align: center;\">Sporta\u0161a, rekreativaca,<br \/>\namatera i profesionalaca<\/h3>\n<p>[\/vc_column_text][vc_tta_accordion style=&#8221;outline&#8221; shape=&#8221;square&#8221; color=&#8221;sky&#8221; c_align=&#8221;center&#8221; active_section=&#8221;10&#8243;][vc_tta_section title=&#8221;Opis usluge&#8221; tab_id=&#8221;1620117721502-d4e11b97-f628&#8243;][vc_column_text]<\/p>\n<h2><strong>PREGLEDI SPORTA\u0160A<\/strong><\/h2>\n<p class=\"gmail-izrada_red\"><strong><em>Za\u00a0 pregled donijeti:<\/em><\/strong><\/p>\n<ul>\n<li><strong>zdravstvenu iskaznicu, OIB<\/strong><\/li>\n<\/ul>\n<p class=\"gmail-izrada\"><strong><em><u>Pregled provodi specijalist medicine rada i \u0161porta se sastoji od:<\/u><\/em><\/strong><\/p>\n<ul>\n<li>EKG u mirovanju<\/li>\n<li>EKG nakon optere\u0107enja (prema indikaciji lije\u010dnika)<\/li>\n<li>Spirometrija (prema indikaciji lije\u010dnika)<\/li>\n<li>Pregled specijalista medicine rada i sporta<\/li>\n<\/ul>\n<p>[\/vc_column_text][\/vc_tta_section][\/vc_tta_accordion][\/vc_column][\/vc_row][vc_row][vc_column][vc_empty_space height=&#8221;80px&#8221;][\/vc_column][\/vc_row][vc_row][vc_column width=&#8221;1\/4&#8243;][vc_icon icon_fontawesome=&#8221;fas fa-user-graduate&#8221; color=&#8221;white&#8221; background_style=&#8221;boxed&#8221; background_color=&#8221;custom&#8221; size=&#8221;xl&#8221; align=&#8221;center&#8221; css=&#8221;.vc_custom_1620035550487{padding-top: 5px !important;padding-right: 5px !important;padding-bottom: 5px !important;padding-left: 5px !important;}&#8221; custom_background_color=&#8221;#2cbfd9&#8243;][vc_column_text]<\/p>\n<h3 style=\"text-align: center;\">U\u010denika i studenata:<br \/>\nsrednja \u0161kola i fakulteti<\/h3>\n<p>[\/vc_column_text][vc_tta_accordion style=&#8221;outline&#8221; shape=&#8221;square&#8221; color=&#8221;sky&#8221; c_align=&#8221;center&#8221; active_section=&#8221;10&#8243;][vc_tta_section title=&#8221;Opis usluge&#8221; tab_id=&#8221;1620117725946-35e04c10-10e7&#8243;][vc_column_text]<\/p>\n<h2><strong>PREGLEDI STUDENATA I U\u010cENIKA<\/strong><strong>\u00a0<\/strong><\/h2>\n<p class=\"gmail-izrada_red\"><strong><em><u>Za\u00a0 pregled donijeti:<\/u><\/em><\/strong><\/p>\n<ul>\n<li><strong>zdravstvenu iskaznicu, OIB<\/strong><\/li>\n<li><strong>potvrdu izabranog lije\u010dnika o zdrvstvenom stanju\u00a0<\/strong><\/li>\n<\/ul>\n<p>[\/vc_column_text][\/vc_tta_section][\/vc_tta_accordion][\/vc_column][vc_column width=&#8221;1\/4&#8243;][vc_icon icon_fontawesome=&#8221;fas fa-fire-extinguisher&#8221; color=&#8221;white&#8221; background_style=&#8221;boxed&#8221; background_color=&#8221;custom&#8221; size=&#8221;xl&#8221; align=&#8221;center&#8221; css=&#8221;.vc_custom_1620035569486{padding-top: 5px !important;padding-right: 5px !important;padding-bottom: 5px !important;padding-left: 5px !important;}&#8221; custom_background_color=&#8221;#2cbfd9&#8243;][vc_column_text]<\/p>\n<h3 style=\"text-align: center;\">Vatrogasci, dobrovoljna<br \/>\nvatrogasna dru\u0161tva<\/h3>\n<p>[\/vc_column_text][vc_tta_accordion style=&#8221;outline&#8221; shape=&#8221;square&#8221; color=&#8221;sky&#8221; c_align=&#8221;center&#8221; active_section=&#8221;10&#8243;][vc_tta_section title=&#8221;Opis usluge&#8221; tab_id=&#8221;1620370453884-a1d17d6a-6900&#8243;][vc_column_text]<\/p>\n<h2><strong>PREGLEDI VATROGASACA<\/strong><\/h2>\n<p class=\"gmail-izrada_red\"><strong><em>Za\u00a0 pregled donijeti:<\/em><\/strong><\/p>\n<ul>\n<li><strong>osobnu iskaznicu, OIB<\/strong><\/li>\n<\/ul>\n<p><strong>\u00a0<\/strong><strong>Kompletan pregled se provodi u na\u0161oj Ustanovi, a sastoji se od:<\/strong><\/p>\n<ul>\n<li>Laboratorijskih pretraga,<\/li>\n<li>EKG, spirometrije, audiomtrije, pregled vidne o\u0161trine na ortoreteru<\/li>\n<li>Psihologijsko testiranje<\/li>\n<li>Pregled specijaliste medicine rada<\/li>\n<\/ul>\n<p>[\/vc_column_text][\/vc_tta_section][\/vc_tta_accordion][\/vc_column][vc_column width=&#8221;1\/4&#8243;][vc_icon icon_fontawesome=&#8221;fas fa-briefcase-medical&#8221; color=&#8221;white&#8221; background_style=&#8221;boxed&#8221; background_color=&#8221;custom&#8221; size=&#8221;xl&#8221; align=&#8221;center&#8221; css=&#8221;.vc_custom_1620035589428{padding-top: 5px !important;padding-right: 5px !important;padding-bottom: 5px !important;padding-left: 5px !important;}&#8221; custom_background_color=&#8221;#2cbfd9&#8243;][vc_column_text]<\/p>\n<h3 style=\"text-align: center;\">Prva pomo\u0107,<br \/>\nvoza\u010di i radnici<\/h3>\n<p>[\/vc_column_text][vc_tta_accordion style=&#8221;outline&#8221; shape=&#8221;square&#8221; color=&#8221;sky&#8221; c_align=&#8221;center&#8221; active_section=&#8221;10&#8243;][vc_tta_section title=&#8221;Opis usluge&#8221; tab_id=&#8221;1620370163091-343ac92c-373d&#8221;][vc_column_text]<\/p>\n<h2><strong>PREGLEDI ZA\u0160TITARA<\/strong><\/h2>\n<p class=\"gmail-izrada_red\"><strong><em><u>Za\u00a0 pregled treba donijeti:<\/u><\/em><\/strong><\/p>\n<ul>\n<li><strong>uputnicu za pregled izdanu od poslodavca (tiskanica RA-1)<\/strong><\/li>\n<li><strong>potvrdu lije\u010dnika obiteljske medicine o stanju psihi\u010dkih i kroni\u010dnih bolesti<\/strong><\/li>\n<li><strong>osobnu iskaznicu<\/strong><\/li>\n<\/ul>\n<p class=\"gmail-izrada\"><strong><em>Pregled se sastoji od:<\/em><\/strong><\/p>\n<ul>\n<li>Laboratorijskih pretraga,\u00a0<strong>na pregled treba do\u0107i od 08-10 sati<\/strong><\/li>\n<li>EKG, spirometrije, audiometrije, pregled vidne o\u0161trine na ortoreteru<\/li>\n<li>Psihologijsko testiranje<\/li>\n<li>Pregled specijaliste medicine rada<\/li>\n<li>Pregled psihijatra<\/li>\n<li>Pregled oftalmologa<\/li>\n<\/ul>\n<p>[\/vc_column_text][\/vc_tta_section][\/vc_tta_accordion][\/vc_column][vc_column width=&#8221;1\/4&#8243;][vc_icon icon_fontawesome=&#8221;fas fa-pills&#8221; color=&#8221;white&#8221; background_style=&#8221;boxed&#8221; background_color=&#8221;custom&#8221; size=&#8221;xl&#8221; align=&#8221;center&#8221; css=&#8221;.vc_custom_1620035614038{padding-top: 5px !important;padding-right: 5px !important;padding-bottom: 5px !important;padding-left: 5px !important;}&#8221; custom_background_color=&#8221;#2cbfd9&#8243;][vc_column_text]<\/p>\n<h3 style=\"text-align: center;\">Test na droge i alkohol<br \/>\n(test trakama)<\/h3>\n<p>[\/vc_column_text][\/vc_column][\/vc_row][vc_row][vc_column][vc_empty_space height=&#8221;50px&#8221;][\/vc_column][\/vc_row][vc_row][vc_column][vc_separator][\/vc_column][\/vc_row][vc_row][vc_column][vc_empty_space height=&#8221;50px&#8221;][\/vc_column][\/vc_row][vc_row][vc_column][vc_column_text]<\/p>\n<h2 style=\"text-align: center;\">Osoblje<\/h2>\n<p>[\/vc_column_text][vc_column_text css=&#8221;&#8221;]<\/p>\n<h5 style=\"text-align: center;\">Voditelj ambulante:<\/h5>\n<h5 style=\"text-align: center;\">Dr. med. Nikica Tole, specijalist medicine rada i sporta<\/h5>\n<h5 style=\"text-align: center;\">Silvija Gabri\u0107, medicinska sestra<\/h5>\n<h5 style=\"text-align: center;\">Andrea Greguri\u0107, psiholog<\/h5>\n<p>[\/vc_column_text][\/vc_column][\/vc_row][vc_row][vc_column][vc_empty_space height=&#8221;50px&#8221;][\/vc_column][\/vc_row][vc_row][vc_column][vc_separator][\/vc_column][\/vc_row][vc_row][vc_column][vc_empty_space height=&#8221;50px&#8221;][\/vc_column][\/vc_row][vc_row][vc_column][vc_btn title=&#8221;Povratak na poliklinika-nedic.hr&#8221; style=&#8221;flat&#8221; shape=&#8221;square&#8221; size=&#8221;lg&#8221; align=&#8221;center&#8221; link=&#8221;url:https%3A%2F%2Fwww.poliklinika-nedic.hr%2F&#8221;][\/vc_column][\/vc_row]<\/p>\n<\/div>","protected":false},"excerpt":{"rendered":"<p>[vc_row][vc_column][vc_row_inner][vc_column_inner][\/vc_column_inner][\/vc_row_inner][\/vc_column][\/vc_row][vc_row][vc_column][vc_custom_heading text=&#8221;Ustanova za zdravstvenu skrb Nedi\u0107&#8221; font_container=&#8221;tag:h2|font_size:24px|text_align:center|line_height:26px&#8221; use_theme_fonts=&#8221;yes&#8221;][vc_column_text] +385 99 383 7308 | medicina.rada.slatina@gmail.com [\/vc_column_text][\/vc_column][\/vc_row][vc_row][vc_column][vc_raw_html]JTNDcCUyMHN0eWxlJTNEJTIydGV4dC1hbGlnbiUzQSUyMGNlbnRlciUzQiUyMiUzRSU1QnViZXJtZW51JTIwY29uZmlnX2lkJTNEJTIybWFpbiUyMiUyMG1lbnUlM0QlMjIxMzQlMjIlNUQlM0MlMkZwJTNFJTBB[\/vc_raw_html][\/vc_column][\/vc_row][vc_row][vc_column][vc_text_separator title=&#8221;Medicina rada i sporta&#8221; color=&#8221;custom&#8221; border_width=&#8221;2&#8243; accent_color=&#8221;#2cbfd9&#8243;][\/vc_column][\/vc_row][vc_row][vc_column][vc_raw_html]JTVCbGF5ZXJzbGlkZXIlMjBpZCUzRCUyMjIlMjIlNUQ=[\/vc_raw_html][\/vc_column][\/vc_row][vc_row][vc_column][vc_empty_space height=&#8221;52px&#8221;][\/vc_column][\/vc_row][vc_row][vc_column width=&#8221;1\/4&#8243;][vc_icon icon_fontawesome=&#8221;fas fa-car&#8221; color=&#8221;white&#8221; background_style=&#8221;boxed&#8221; background_color=&#8221;custom&#8221; size=&#8221;xl&#8221; align=&#8221;center&#8221; css=&#8221;.vc_custom_1620035283621{padding-top: 5px !important;padding-right: 5px !important;padding-bottom: 5px !important;padding-left: 5px !important;}&#8221; custom_background_color=&#8221;#2cbfd9&#8243;][vc_column_text] Voza\u010da, sve kategorija i vrste pregleda [\/vc_column_text][vc_tta_accordion style=&#8221;outline&#8221; shape=&#8221;square&#8221; color=&#8221;sky&#8221; c_align=&#8221;center&#8221; active_section=&#8221;10&#8243;][vc_tta_section title=&#8221;Opis usluge&#8221;<\/p>\n","protected":false},"author":4,"featured_media":0,"parent":0,"menu_order":0,"comment_status":"closed","ping_status":"closed","template":"","meta":{"_acf_changed":false,"footnotes":""},"acf":[],"_links":{"self":[{"href":"https:\/\/www.poliklinika-nedic.hr\/pn\/wp-json\/wp\/v2\/pages\/6500"}],"collection":[{"href":"https:\/\/www.poliklinika-nedic.hr\/pn\/wp-json\/wp\/v2\/pages"}],"about":[{"href":"https:\/\/www.poliklinika-nedic.hr\/pn\/wp-json\/wp\/v2\/types\/page"}],"author":[{"embeddable":true,"href":"https:\/\/www.poliklinika-nedic.hr\/pn\/wp-json\/wp\/v2\/users\/4"}],"replies":[{"embeddable":true,"href":"https:\/\/www.poliklinika-nedic.hr\/pn\/wp-json\/wp\/v2\/comments?post=6500"}],"version-history":[{"count":0,"href":"https:\/\/www.poliklinika-nedic.hr\/pn\/wp-json\/wp\/v2\/pages\/6500\/revisions"}],"wp:attachment":[{"href":"https:\/\/www.poliklinika-nedic.hr\/pn\/wp-json\/wp\/v2\/media?parent=6500"}],"curies":[{"name":"wp","href":"https:\/\/api.w.org\/{rel}","templated":true}]}}