{"id":6478,"date":"2021-02-12T13:56:32","date_gmt":"2021-02-12T12:56:32","guid":{"rendered":"http:\/\/www.poliklinika-nedic.hr\/pn\/?page_id=6478"},"modified":"2021-02-12T14:00:32","modified_gmt":"2021-02-12T13:00:32","slug":"upute-cezih","status":"publish","type":"page","link":"https:\/\/www.poliklinika-nedic.hr\/pn\/upute-cezih\/","title":{"rendered":"Upute CEZIH"},"content":{"rendered":"<p><img loading=\"lazy\" decoding=\"async\" class=\"aligncenter size-full wp-image-6479\" src=\"http:\/\/www.poliklinika-nedic.hr\/pn\/wp-content\/uploads\/2021\/02\/cezih.jpg\" alt=\"\" width=\"734\" height=\"225\" srcset=\"https:\/\/www.poliklinika-nedic.hr\/pn\/wp-content\/uploads\/2021\/02\/cezih.jpg 734w, https:\/\/www.poliklinika-nedic.hr\/pn\/wp-content\/uploads\/2021\/02\/cezih-300x92.jpg 300w, https:\/\/www.poliklinika-nedic.hr\/pn\/wp-content\/uploads\/2021\/02\/cezih-710x218.jpg 710w\" sizes=\"(max-width: 734px) 100vw, 734px\" \/><\/p>\n<p><span style=\"font-size: large;\"><u>Postupak za naru\u010divanje pacijenata preko informacijskog sustava (CEZIH):<\/u><\/span><\/p>\n<p><strong>1. Napisati uputnicu za pregled<\/strong><\/p>\n<p><strong>2. U pretra\u017eiva\u010d za narud\u017ebu unijeti <span style=\"font-size: large;\"><u>Interna medicina<\/u> <\/span><span style=\"font-size: large;\">(ne kardiologija)<\/span><\/strong><\/p>\n<p><strong>3. Upisati naziv Podru\u010dnog ureda: <span style=\"font-size: large;\"><u>Viroviti\u010dko podravska \u017eupanija<\/u><\/span><span style=\"font-size: large;\">.<\/span><\/strong><\/p>\n<p><strong>4. U\u0111ite u na\u0160 kalendar naru\u010divanja i uzmite termin za svojega pacijenta.<\/strong><\/p>\n","protected":false},"excerpt":{"rendered":"<p>Postupak za naru\u010divanje pacijenata preko informacijskog sustava (CEZIH): 1. Napisati uputnicu za pregled 2. U pretra\u017eiva\u010d za narud\u017ebu unijeti Interna medicina (ne kardiologija) 3. Upisati naziv Podru\u010dnog ureda: Viroviti\u010dko podravska \u017eupanija. 4. U\u0111ite u na\u0160 kalendar naru\u010divanja i uzmite termin za svojega pacijenta.<\/p>\n","protected":false},"author":4,"featured_media":0,"parent":0,"menu_order":0,"comment_status":"closed","ping_status":"closed","template":"","meta":{"_acf_changed":false,"footnotes":""},"acf":[],"_links":{"self":[{"href":"https:\/\/www.poliklinika-nedic.hr\/pn\/wp-json\/wp\/v2\/pages\/6478"}],"collection":[{"href":"https:\/\/www.poliklinika-nedic.hr\/pn\/wp-json\/wp\/v2\/pages"}],"about":[{"href":"https:\/\/www.poliklinika-nedic.hr\/pn\/wp-json\/wp\/v2\/types\/page"}],"author":[{"embeddable":true,"href":"https:\/\/www.poliklinika-nedic.hr\/pn\/wp-json\/wp\/v2\/users\/4"}],"replies":[{"embeddable":true,"href":"https:\/\/www.poliklinika-nedic.hr\/pn\/wp-json\/wp\/v2\/comments?post=6478"}],"version-history":[{"count":0,"href":"https:\/\/www.poliklinika-nedic.hr\/pn\/wp-json\/wp\/v2\/pages\/6478\/revisions"}],"wp:attachment":[{"href":"https:\/\/www.poliklinika-nedic.hr\/pn\/wp-json\/wp\/v2\/media?parent=6478"}],"curies":[{"name":"wp","href":"https:\/\/api.w.org\/{rel}","templated":true}]}}