{"id":63,"date":"2010-03-21T12:03:48","date_gmt":"2010-03-21T11:03:48","guid":{"rendered":"http:\/\/www.poliklinika-nedic.hr\/pn\/?page_id=63"},"modified":"2022-12-23T12:06:00","modified_gmt":"2022-12-23T11:06:00","slug":"osoblje","status":"publish","type":"page","link":"https:\/\/www.poliklinika-nedic.hr\/pn\/poliklinika-nedic\/osoblje\/","title":{"rendered":"Osoblje"},"content":{"rendered":"<p style=\"text-align: justify;\"><img loading=\"lazy\" decoding=\"async\" title=\"Petar Nedi\u0107\" src=\"http:\/\/www.poliklinika-nedic.hr\/pn\/wp-content\/uploads\/2009\/01\/o_petar.jpg\" alt=\"Petar Nedi\u0107\" width=\"156\" height=\"200\" align=\"left\" \/><strong>Petar Nedi\u0107, <\/strong>dr.med, spec.interne medicine, subspecijalist kardiolog voditelj Internisti\u010dko kardiolo\u0161ke ambulante. Zavr\u0161io Medicinski fakultet, specijalizaciju iz interne medicine, poslijediplomski studij iz hematologije, te potrebne stru\u010dne edukacije za podru\u010dja medicine kojima se bavi: ehokardiografiju, ultrazvu\u010dnu dijagnostiku, Doppler krvnih \u017eila, endoskopiju. Radio u primarnoj zdravstvenoj za\u0161titi, tijekom Domovinskog rata zapovjednik Sanitetske slu\u017ebe 136. slatinske brigade,\u00a0 od 1992.-1999. godine zaposlen na Internoj klinici KBC Osijek, a poslije toga radi u vlastitoj Poliklinici.<\/p>\n<p style=\"text-align: justify;\">Najve\u0107i interes pokazuje prema kardiologiji, ultrazvu\u010dnoj dijagnostici i preventivnoj medicini. \u010clan je hrvatskih i europskih stru\u010dnih udruga iz podru\u010dja medicine kojima se bavi. Sudjeluje na\u00a0mnogobrojnim stru\u010dnim i znanstvenim skupovima i kongresima iz podru\u010dja interne medicine i kardiologije. Koautor je nekoliko \u010dlanaka objavljenih u svjetskim medicinskim \u010dasopisima.<\/p>\n<p style=\"text-align: justify;\">Godine 2013. stekao status subspecijaliste kardiologa. Iste godine stekao nacionalnu akreditaciju iz ehokardiografije. Radi se o vrlo vrijednom stru\u010dnom priznanju.<\/p>\n<p style=\"text-align: justify;\">O\u017eenjen je, otac je troje djece lije\u010dnika, ponosan djed sedmero unu\u010dadi, igra tenis, vozi bicikl i bavi se vo\u0107arstvom i proizvodnjom doma\u0107e rakije, likera i su\u0161enog vo\u0107a. Sanja o Hrvatskoj sretnih i zdravih ljudi!<\/p>\n<p>&nbsp;<\/p>\n<hr \/>\n<p>&nbsp;<\/p>\n<p><strong>Nedeljko Topuzovi\u0107<\/strong>, dr.med, mr.sci. primarijus, spec.nuklearne medicine, voditelj ambulante za bolesti \u0161titanja\u010de.<\/p>\n<p>&nbsp;<\/p>\n<hr \/>\n<p>&nbsp;<\/p>\n<p style=\"text-align: justify;\"><img loading=\"lazy\" decoding=\"async\" title=\"Jasminka Nedi\u0107\" src=\"http:\/\/www.poliklinika-nedic.hr\/pn\/wp-content\/uploads\/2009\/01\/o_jasminka.jpg\" alt=\"Jasminka Nedi\u0107\" width=\"156\" height=\"200\" align=\"left\" \/><strong>Jasminka Nedi\u0107<\/strong>, dr.med. specijalist obiteljske medicine, diplomirala 1986. godine na Medicinskom fakultetu Sveu\u010dili\u0161ta u Zagrebu, studij medicine u Osijeku. Zavr\u0161ila specijalizaciju obiteljske medicine 2005. godine na Medicinskom fakultetu u Zagrebu.<\/p>\n<p style=\"text-align: justify;\">Podru\u010dje osobitog interesa je ultrazvu\u010dna dijagnostika. Godine 1994. zavr\u0161ila je edukaciju iz ultrazvuka abdomena, a 2008. edukaciju iz muskuloskeletnog ultrazvuka.<\/p>\n<p style=\"text-align: justify;\">Polaznica je vi\u0161e razli\u010ditih te\u010dajeva trajne edukacije lije\u010dnika: EKG, Aritmije, Depresija i anksioznost, \u0160kola nepu\u0161enja, Obiteljska psihoterapija.<br \/>\nU svom radu nastoji koristiti najnovija saznanja iz medicinskih znanosti prate\u0107i literaturu i permanentnom edukacijom. U svakodnevnom radu\u00a0 primjenjuje holisti\u010dki pristup lije\u010denju bolesnika \u0161to je temeljno na\u010delo obiteljske medicine. \u010covjek -pacijent se promatra kao cjelovita osoba sa svim svojim posebnostima (radnim, socijalnim, obiteljskim, ekonomskim)<br \/>\nkoje utje\u010du na zdravlje pojedinca.<\/p>\n<p style=\"text-align: justify;\">Godine 2013. stekla status mentora za obavljanje specijalisti\u010dkog usavr\u0161avanja iz obiteljske medicine, \u010dime i ambulanta stje\u010de status akreditirane ambulante za obavljanje specijalisti\u010dke edukacije.<\/p>\n<p style=\"text-align: justify;\">\u010clanica je Hrvatske lije\u010dni\u010dke komore, Hrvatskog lije\u010dni\u010dkog zbora, Hrvatske udruge lije\u010dnika obiteljske medicine.<br \/>\nUdana, majka troje odrasle djece lije\u010dnika i baka sedmero unu\u010dadi. U\u017eiva u \u010ditanju. Vrsna majstorica u pripremi doma\u0107ih likera.<\/p>\n<p>&nbsp;<\/p>\n<hr \/>\n<p>&nbsp;<\/p>\n<p>&nbsp;<\/p>\n<p class=\"western\"><strong><img loading=\"lazy\" decoding=\"async\" class=\"size-full wp-image-6391 alignleft\" src=\"http:\/\/www.poliklinika-nedic.hr\/pn\/wp-content\/uploads\/2010\/03\/ana-1.png\" alt=\"ana\" width=\"175\" height=\"225\" \/>Ana Zasimenko<\/strong>, subspecijalist kardiologije, zaposlena u Op\u0107oj bolnici Virovitica, radi kao vanjski suradnik u Poliklinici Nedi\u0107.<\/p>\n<p>Osnovnu i srednju \u0161kolu zavr\u0161ila u Slatini. Diplomirala 2011. godine na Medicinskom fakultetu Sveu\u010dili\u0161ta u Zagrebu. Stru\u010dni sta\u017e odradila u Op\u0107oj bolnici Virovitica a nakon toga kao lije\u010dnik \u201csekundarac\u201d radila u Poliklinici Dr. Nedi\u0107. Od 2013. godine, po dobivanju subspecijalizacije iz kardiologije ponovno zaposlena u Op\u0107oj bolnici Virovitica.<\/p>\n<p>Godine 2019. polo\u017eila specijalisti\u010dki ispit iz kardiologije.<\/p>\n<p>Zavr\u0161ila me\u0111unarodno licencirani te\u010daj Ultrazvuk u hitnoj medicini, te\u010daj UZV abdomena, te\u010daj UZV srca i te\u010daj UZV \u0161titnja\u010de.<\/p>\n<p>U slobodno vrijeme udana, majka dvoje djece.<\/p>\n<p>&nbsp;<\/p>\n<p>&nbsp;<\/p>\n<hr \/>\n<p>&nbsp;<\/p>\n<p><strong><img loading=\"lazy\" decoding=\"async\" class=\"size-full wp-image-6392 alignleft\" src=\"http:\/\/www.poliklinika-nedic.hr\/pn\/wp-content\/uploads\/2010\/03\/mateij.png\" alt=\"mateij\" width=\"175\" height=\"225\" \/><\/strong><\/p>\n<p><strong>Matej Nedi\u0107<\/strong> &#8211; lije\u010dnik na specijalizaciji iz kardiologije, zaposlen u Poliklinici Nedi\u0107, trenutno na specijalisti\u010dkom usavr\u0161avanju u KBC Sestre Milosrdnice.<\/p>\n<p>Osnovnu i srednju \u0161kolu zavr\u0161io u Slatini. Diplomirao na Medicinskom fakultetu Sveu\u010dili\u0161ta u Zagrebu 2015. godine. Tijekom studija sudjelovao na studentskim razmjenama na American University of Beirut u Libanonu, na Medicinskom fakultetu Sveu\u010dili\u0161ta u Benhi u Egiptu i na znanstvenoj razmjeni na Medicinskom fakultetu Sveu\u010dili\u0161ta u Udinama, u Italiji.<\/p>\n<p>Stru\u010dni sta\u017e zavr\u0161io u Specijalisti\u010dkoj ordinaciji obiteljske medicine Jasminka Nedi\u0107-Mandi\u0107 a nakon toga se zaposlio u Zavodu za hitnu medicinu Viroviti\u010dko podravske \u017eupanije. Potom u Specijalnoj bolnici Magdalena \u2013 Klinici za kardiovaskularne bolesti. Od 2017. godine na specijalisti\u010dkom usavr\u0161avanju iz kardiologije.<\/p>\n<p>Poha\u0111a Poslijediplomski doktorski studij Biomedicina i zdravstvo na Medicinskom fakultetu Sveu\u010dili\u0161ta u Zagrebu.<\/p>\n<p>U slobodno vrijeme bavi se sportom i glazbom, u\u017eiva u sviranju gitare.<\/p>\n<p><strong>\u00a0<\/strong><\/p>\n<hr \/>\n<p>&nbsp;<\/p>\n<p><img loading=\"lazy\" decoding=\"async\" class=\"size-full wp-image-6458 alignleft\" src=\"http:\/\/www.poliklinika-nedic.hr\/pn\/wp-content\/uploads\/2013\/03\/6.png\" alt=\"\" width=\"175\" height=\"225\" \/><strong>Silvija Grabi\u0107<\/strong>, medicinska sestra, zaposlena u Specijalisti\u010dkoj ordinaciji obiteljske medicine od 11. mjeseca 2016. godine.<\/p>\n<p>Zavr\u0161ila petogodi\u0161nju medicinsku \u0161kolu u Virovitici 2015. godine. \u0160kolsku praksu obavljala u Op\u0107oj bolnici Virovitica, Domu zdravlja VP\u017d, Ustanovi za zdravstvenu njegu u ku\u0107i te u Domu za starije \u201eMarija\u201c.<\/p>\n<p>Nakon zavr\u0161ene srednje \u0161kole radila u lije\u010dni\u010dkoj ordinaciji Dr. Jelkic-Brimo \u2013 Hayek u Dortmundu, Njema\u010dka. Polaznica njema\u010dkoga jezika u Volkshochschule u Dortmundu.<\/p>\n<p>\u010clanica Hrvatske komore medicinskih sestara od 2015. godine. U\u017eiva u svom poslu i mladosti!<\/p>\n","protected":false},"excerpt":{"rendered":"<p>Petar Nedi\u0107, dr.med, spec.interne medicine, subspecijalist kardiolog voditelj Internisti\u010dko kardiolo\u0161ke ambulante. Zavr\u0161io Medicinski fakultet, specijalizaciju iz interne medicine, poslijediplomski studij iz hematologije, te potrebne stru\u010dne edukacije za podru\u010dja medicine kojima se bavi: ehokardiografiju, ultrazvu\u010dnu dijagnostiku, Doppler krvnih \u017eila, endoskopiju. Radio u primarnoj zdravstvenoj za\u0161titi, tijekom Domovinskog rata zapovjednik Sanitetske slu\u017ebe 136. slatinske brigade,\u00a0 od 1992.-1999.<\/p>\n","protected":false},"author":4,"featured_media":0,"parent":808,"menu_order":2,"comment_status":"closed","ping_status":"closed","template":"","meta":{"_acf_changed":false,"footnotes":""},"acf":[],"_links":{"self":[{"href":"https:\/\/www.poliklinika-nedic.hr\/pn\/wp-json\/wp\/v2\/pages\/63"}],"collection":[{"href":"https:\/\/www.poliklinika-nedic.hr\/pn\/wp-json\/wp\/v2\/pages"}],"about":[{"href":"https:\/\/www.poliklinika-nedic.hr\/pn\/wp-json\/wp\/v2\/types\/page"}],"author":[{"embeddable":true,"href":"https:\/\/www.poliklinika-nedic.hr\/pn\/wp-json\/wp\/v2\/users\/4"}],"replies":[{"embeddable":true,"href":"https:\/\/www.poliklinika-nedic.hr\/pn\/wp-json\/wp\/v2\/comments?post=63"}],"version-history":[{"count":0,"href":"https:\/\/www.poliklinika-nedic.hr\/pn\/wp-json\/wp\/v2\/pages\/63\/revisions"}],"up":[{"embeddable":true,"href":"https:\/\/www.poliklinika-nedic.hr\/pn\/wp-json\/wp\/v2\/pages\/808"}],"wp:attachment":[{"href":"https:\/\/www.poliklinika-nedic.hr\/pn\/wp-json\/wp\/v2\/media?parent=63"}],"curies":[{"name":"wp","href":"https:\/\/api.w.org\/{rel}","templated":true}]}}