{"id":2,"date":"2009-01-11T14:20:06","date_gmt":"2009-01-11T13:20:06","guid":{"rendered":"http:\/\/poliklinika-nedic.hr\/pn\/?page_id=2"},"modified":"2024-06-17T14:37:57","modified_gmt":"2024-06-17T13:37:57","slug":"o-nama","status":"publish","type":"page","link":"https:\/\/www.poliklinika-nedic.hr\/pn\/poliklinika-nedic\/o-nama\/","title":{"rendered":"O nama"},"content":{"rendered":"<p style=\"text-align: justify;\">Zdravstvena ustanova Poliklinika Dr.Nedi\u0107 je osnovana 1999. god i me\u0111u prvim je privatnim zdravstvenim ustanovama u Slavoniji. Registrirana je za pru\u017eanje usluga iz podru\u010dja interne medicine i ginekologije. Osposobljena je za kompletnu neinvazivnu kardiolo\u0161ku obradu, a uz pomo\u0107 gostuju\u0107ih lije\u010dnika-specijalista pokriva \u010ditavo podru\u010dje ultrazvu\u010dne dijagnostike i bolesti \u0161titnja\u010de.<\/p>\n<p style=\"text-align: justify;\">Najve\u0107i dio usluga mo\u017eete dobiti ugovornim odnosom preko HZZO-a, a sve privatno ili preko Croatia i Grawe zdravstvenog osiguranja.<\/p>\n<p>Deviza nam je zadovoljan pacijent uvijek i prije svega. Volje i truda s na\u0161e strane ne manjka. O tome neka Vam govore tisu\u0107e onih koji su pro\u0161li na\u0161e ordinacije. Pridru\u017eite im<\/p>\n<p>&nbsp;<\/p>\n<p>S po\u0161tovanjem<br \/>\nDr. med. Petar Nedi\u0107, internista kardiolog<\/p>\n","protected":false},"excerpt":{"rendered":"<p>Zdravstvena ustanova Poliklinika Dr.Nedi\u0107 je osnovana 1999. god i me\u0111u prvim je privatnim zdravstvenim ustanovama u Slavoniji. Registrirana je za pru\u017eanje usluga iz podru\u010dja interne medicine i ginekologije. Osposobljena je za kompletnu neinvazivnu kardiolo\u0161ku obradu, a uz pomo\u0107 gostuju\u0107ih lije\u010dnika-specijalista pokriva \u010ditavo podru\u010dje ultrazvu\u010dne dijagnostike i bolesti \u0161titnja\u010de. Najve\u0107i dio usluga mo\u017eete dobiti ugovornim odnosom<\/p>\n","protected":false},"author":4,"featured_media":0,"parent":808,"menu_order":1,"comment_status":"closed","ping_status":"closed","template":"","meta":{"_acf_changed":false,"footnotes":""},"acf":[],"_links":{"self":[{"href":"https:\/\/www.poliklinika-nedic.hr\/pn\/wp-json\/wp\/v2\/pages\/2"}],"collection":[{"href":"https:\/\/www.poliklinika-nedic.hr\/pn\/wp-json\/wp\/v2\/pages"}],"about":[{"href":"https:\/\/www.poliklinika-nedic.hr\/pn\/wp-json\/wp\/v2\/types\/page"}],"author":[{"embeddable":true,"href":"https:\/\/www.poliklinika-nedic.hr\/pn\/wp-json\/wp\/v2\/users\/4"}],"replies":[{"embeddable":true,"href":"https:\/\/www.poliklinika-nedic.hr\/pn\/wp-json\/wp\/v2\/comments?post=2"}],"version-history":[{"count":0,"href":"https:\/\/www.poliklinika-nedic.hr\/pn\/wp-json\/wp\/v2\/pages\/2\/revisions"}],"up":[{"embeddable":true,"href":"https:\/\/www.poliklinika-nedic.hr\/pn\/wp-json\/wp\/v2\/pages\/808"}],"wp:attachment":[{"href":"https:\/\/www.poliklinika-nedic.hr\/pn\/wp-json\/wp\/v2\/media?parent=2"}],"curies":[{"name":"wp","href":"https:\/\/api.w.org\/{rel}","templated":true}]}}