{"id":1139,"date":"2010-04-07T14:59:32","date_gmt":"2010-04-07T13:59:32","guid":{"rendered":"http:\/\/www.poliklinika-nedic.hr\/pn\/?page_id=1139"},"modified":"2016-06-01T10:58:16","modified_gmt":"2016-06-01T09:58:16","slug":"vas-glas","status":"publish","type":"page","link":"https:\/\/www.poliklinika-nedic.hr\/pn\/vas-glas\/","title":{"rendered":"Va\u0161 glas"},"content":{"rendered":"<h2>Vi ste na\u0161 glavni kontrolni mehanizam i Va\u0161 glas nam je jako bitan.<\/h2>\n<p>&nbsp;<\/p>\n<h3>Svaku Va\u0161u \u017ealbu\/prigovor, sugestiju, primjedbu, pa i pohvalu, primiti \u0107emo sa du\u017enim \u0161tovanjem i na svaku odgovoriti.<\/h3>\n<p>&nbsp;<\/p>\n<p>&nbsp;<\/p>\n<h3>Pi\u0161ite nam\u00a0na <a href=\"mailto:vasglas@poliklinika-nedic.hr\">vasglas@poliklinika-nedic.hr<\/a><\/h3>\n","protected":false},"excerpt":{"rendered":"<p>Vi ste na\u0161 glavni kontrolni mehanizam i Va\u0161 glas nam je jako bitan. &nbsp; Svaku Va\u0161u \u017ealbu\/prigovor, sugestiju, primjedbu, pa i pohvalu, primiti \u0107emo sa du\u017enim \u0161tovanjem i na svaku odgovoriti. &nbsp; &nbsp; Pi\u0161ite nam\u00a0na vasglas@poliklinika-nedic.hr<\/p>\n","protected":false},"author":4,"featured_media":1135,"parent":0,"menu_order":0,"comment_status":"closed","ping_status":"closed","template":"","meta":{"_acf_changed":false,"footnotes":""},"acf":[],"_links":{"self":[{"href":"https:\/\/www.poliklinika-nedic.hr\/pn\/wp-json\/wp\/v2\/pages\/1139"}],"collection":[{"href":"https:\/\/www.poliklinika-nedic.hr\/pn\/wp-json\/wp\/v2\/pages"}],"about":[{"href":"https:\/\/www.poliklinika-nedic.hr\/pn\/wp-json\/wp\/v2\/types\/page"}],"author":[{"embeddable":true,"href":"https:\/\/www.poliklinika-nedic.hr\/pn\/wp-json\/wp\/v2\/users\/4"}],"replies":[{"embeddable":true,"href":"https:\/\/www.poliklinika-nedic.hr\/pn\/wp-json\/wp\/v2\/comments?post=1139"}],"version-history":[{"count":0,"href":"https:\/\/www.poliklinika-nedic.hr\/pn\/wp-json\/wp\/v2\/pages\/1139\/revisions"}],"wp:featuredmedia":[{"embeddable":true,"href":"https:\/\/www.poliklinika-nedic.hr\/pn\/wp-json\/wp\/v2\/media\/1135"}],"wp:attachment":[{"href":"https:\/\/www.poliklinika-nedic.hr\/pn\/wp-json\/wp\/v2\/media?parent=1139"}],"curies":[{"name":"wp","href":"https:\/\/api.w.org\/{rel}","templated":true}]}}